{"id":751,"date":"2020-03-01T11:19:30","date_gmt":"2020-03-01T11:19:30","guid":{"rendered":"http:\/\/zhinengqigong.pl\/?page_id=751"},"modified":"2020-04-10T10:14:30","modified_gmt":"2020-04-10T10:14:30","slug":"cookies","status":"publish","type":"page","link":"https:\/\/zhinengqigong.pl\/index.php\/cookies\/","title":{"rendered":"Cookies"},"content":{"rendered":"\t\t<div data-elementor-type=\"wp-page\" data-elementor-id=\"751\" class=\"elementor elementor-751\" data-elementor-post-type=\"page\">\n\t\t\t\t\t\t<section class=\"elementor-section elementor-top-section elementor-element elementor-element-e6e738c elementor-section-boxed elementor-section-height-default elementor-section-height-default\" data-id=\"e6e738c\" data-element_type=\"section\">\n\t\t\t\t\t\t<div class=\"elementor-container elementor-column-gap-default\">\n\t\t\t\t\t<div class=\"elementor-column elementor-col-100 elementor-top-column elementor-element elementor-element-e1a14fa\" data-id=\"e1a14fa\" data-element_type=\"column\">\n\t\t\t<div class=\"elementor-widget-wrap elementor-element-populated\">\n\t\t\t\t\t\t<div class=\"elementor-element elementor-element-56262a2 elementor-widget elementor-widget-heading\" data-id=\"56262a2\" data-element_type=\"widget\" data-widget_type=\"heading.default\">\n\t\t\t\t<div class=\"elementor-widget-container\">\n\t\t\t\t\t<h2 class=\"elementor-heading-title elementor-size-default\">Polityka Cookies<\/h2>\t\t\t\t<\/div>\n\t\t\t\t<\/div>\n\t\t\t\t\t<\/div>\n\t\t<\/div>\n\t\t\t\t\t<\/div>\n\t\t<\/section>\n\t\t\t\t<section class=\"elementor-section elementor-top-section elementor-element elementor-element-a4f120a elementor-section-boxed elementor-section-height-default elementor-section-height-default\" data-id=\"a4f120a\" data-element_type=\"section\">\n\t\t\t\t\t\t<div class=\"elementor-container elementor-column-gap-default\">\n\t\t\t\t\t<div class=\"elementor-column elementor-col-100 elementor-top-column elementor-element elementor-element-2557444\" data-id=\"2557444\" data-element_type=\"column\">\n\t\t\t<div class=\"elementor-widget-wrap elementor-element-populated\">\n\t\t\t\t\t\t<div class=\"elementor-element elementor-element-8ec0746 elementor-widget elementor-widget-text-editor\" data-id=\"8ec0746\" data-element_type=\"widget\" data-widget_type=\"text-editor.default\">\n\t\t\t\t<div class=\"elementor-widget-container\">\n\t\t\t\t\t\t\t\t\t<p>Poni\u017csza Polityka Cookies okre\u015bla zasady zapisywania i uzyskiwania dost\u0119pu do danych na Urz\u0105dzeniach U\u017cytkownik\u00f3w korzystaj\u0105cych z Serwisu do cel\u00f3w \u015bwiadczenia us\u0142ug drog\u0105 elektroniczn\u0105 przez Administratora Serwisu.<\/p><h6 style=\"text-align: center;\">\u00a7 1 Definicje<\/h6><ul><li><p><strong>Serwis<\/strong> &#8211; serwis internetowy dzia\u0142aj\u0105cy pod adresem <span id=\"serwis\"><span class=\"colored\">www.zhinengqigong.pl<\/span><\/span><\/p><\/li><li><p><strong>Serwis zewn\u0119trzny<\/strong> &#8211; serwis internetowe partner\u00f3w, us\u0142ugodawc\u00f3w lub us\u0142ugobiorc\u00f3w Administratora<\/p><\/li><li><p><strong>Administrator<\/strong> &#8211; firma Sun Beam Sp. z o.o.<span id=\"firma\">, prowadz\u0105ca dzia\u0142alno\u015b\u0107 pod adresem: <span class=\"colored\">B\u0142aszk\u00f3w 1s, 26-220 St\u0105pork\u00f3w<\/span>,<\/span> \u015bwiadcz\u0105ca us\u0142ugi drog\u0105 elektroniczn\u0105 za po\u015brednictwem Serwisu oraz przechowuj\u0105ca i uzyskuj\u0105ca dost\u0119p do informacji w urz\u0105dzeniach U\u017cytkownika<\/p><\/li><li><p><strong>U\u017cytkownik<\/strong> &#8211; osoba fizyczna, dla kt\u00f3rej Administrator \u015bwiadczy us\u0142ugi drog\u0105 elektroniczna za po\u015brednictwem Serwisu.<\/p><\/li><li><p><strong>Urz\u0105dzenie<\/strong> &#8211; elektroniczne urz\u0105dzenie wraz z oprogramowaniem, za po\u015brednictwem, kt\u00f3rego U\u017cytkownik uzyskuje dost\u0119p do Serwisu<\/p><\/li><li><p><strong>Cookies (ciasteczka)<\/strong> &#8211; dane tekstowe gromadzone w formie plik\u00f3w zamieszczanych na Urz\u0105dzeniu U\u017cytkownika<\/p><\/li><\/ul><h6 style=\"text-align: center;\">\u00a7 2 Rodzaje Cookies<\/h6><ul><li><p><strong>Cookies wewn\u0119trzne<\/strong> &#8211; pliki zamieszczane i odczytywane z Urz\u0105dzenia U\u017cytkownika przez system teleinformatyczny Serwisu<\/p><\/li><li><p><strong>Cookies zewn\u0119trzne<\/strong> &#8211; pliki zamieszczane i odczytywane z Urz\u0105dzenia U\u017cytkownika przez systemy teleinformatyczne Serwis\u00f3w zewn\u0119trznych<\/p><\/li><li><p><strong>Cookies sesyjne<\/strong> &#8211; pliki zamieszczane i odczytywane z Urz\u0105dzenia U\u017cytkownika przez Serwis <span id=\"sz1\" style=\"display: inline;\">lub Serwisy zewn\u0119trzne<\/span> podczas jednej sesji danego Urz\u0105dzenia. Po zako\u0144czeniu sesji pliki s\u0105 usuwane z Urz\u0105dzenia U\u017cytkownika.<\/p><\/li><li><p><strong>Cookies trwa\u0142e<\/strong> &#8211; pliki zamieszczane i odczytywane z Urz\u0105dzenia U\u017cytkownika przez Serwis <span id=\"sz2\" style=\"display: inline;\">lub Serwisy zewn\u0119trzne<\/span> do momentu ich r\u0119cznego usuni\u0119cia. Pliki nie s\u0105 usuwane automatycznie po zako\u0144czeniu sesji Urz\u0105dzenia chyba \u017ce konfiguracja Urz\u0105dzenia U\u017cytkownika jest ustawiona na tryb usuwanie plik\u00f3w Cookie po zako\u0144czeniu sesji Urz\u0105dzenia.<\/p><\/li><\/ul><h6 style=\"text-align: center;\">\u00a7 3 Bezpiecze\u0144stwo<\/h6><ul><li><p><strong>Mechanizmy sk\u0142adowania i odczytu<\/strong> &#8211; Mechanizmy sk\u0142adowania i odczytu Cookies nie pozwalaj\u0105 na pobierania jakichkolwiek danych osobowych ani \u017cadnych informacji poufnych z Urz\u0105dzenia U\u017cytkownika. Przeniesienie na Urz\u0105dzenie U\u017cytkownika wirus\u00f3w, koni troja\u0144skich oraz innych robak\u00f3w jest praktycznie niemo\u017cliwe.<\/p><\/li><li><p><strong>Cookie wewn\u0119trzne<\/strong> &#8211; zastosowane przez Administratora Cookie wewn\u0119trzne s\u0105 bezpieczne dla Urz\u0105dze\u0144 U\u017cytkownik\u00f3w<\/p><\/li><li><p><strong>Cookie zewn\u0119trzne<\/strong> &#8211; za bezpiecze\u0144stwo plik\u00f3w Cookie pochodz\u0105cych od partner\u00f3w Serwisu Administrator nie ponosi odpowiedzialno\u015bci. Lista partner\u00f3w zamieszczona jest w dalszej cz\u0119\u015bci Polityki Cookie.<\/p><\/li><\/ul><h6 style=\"text-align: center;\">\u00a7 4 Cele do kt\u00f3rych wykorzystywane s\u0105 pliki Cookie<\/h6><ul id=\"cele\"><li><p><strong><span class=\"colored\">Usprawnienie i u\u0142atwienie dost\u0119pu do Serwisu<\/span><\/strong> &#8211; Administrator mo\u017ce przechowywa\u0107 w plikach Cookie informacje o preferencjach i ustawieniach u\u017cytkownika dotycz\u0105cych Serwisu aby usprawni\u0107, polepszy\u0107 i przy\u015bpieszy\u0107 \u015bwiadczenie us\u0142ug w ramach Serwisu.<\/p><\/li><li><p><strong><span class=\"colored\">Logowanie<\/span><\/strong> &#8211; Administrator wykorzystuje pliki Cookie do cel\u00f3w logowania U\u017cytkownik\u00f3w w Serwisie<\/p><\/li><li><p><strong><span class=\"colored\">Dane statystyczne<\/span><\/strong> &#8211; Administrator <span id=\"sz4\" style=\"display: inline;\">oraz Serwisy zewn\u0119trzne<\/span> wykorzystuje pliki Cookie do zbierania i przetwarzania danych statystycznych takich jak np. statystyki odwiedzin, statystyki Urz\u0105dze\u0144 U\u017cytkownik\u00f3w czy statystyki zachowa\u0144 u\u017cytkownik\u00f3w. Dane te zbierane s\u0105 w celu analizy i ulepszania Serwisu.<\/p><\/li><li><p><strong><span class=\"colored\">Serwowanie us\u0142ug multimedialnych<\/span><\/strong> &#8211; Administrator <span id=\"sz5\" style=\"display: inline;\">oraz Serwisy zewn\u0119trzne<\/span> wykorzystuje pliki Cookie do serwowania U\u017cytkownikom us\u0142ug multimedialnych.<\/p><\/li><li><p><strong><span class=\"colored\">Us\u0142ugi spo\u0142eczno\u015bciowe<\/span><\/strong> &#8211; Administrator <span id=\"sz7\" style=\"display: inline;\">oraz Serwisy zewn\u0119trzne<\/span> wykorzystuj\u0105 pliki Cookie do wsparcia us\u0142ug spo\u0142eczno\u015bciowych<\/p><\/li><\/ul><h6 style=\"text-align: center;\">\u00a7 5 Serwisy zewn\u0119trzne<\/h6><p id=\"zewinfo\"><span class=\"colored\">Administrator wsp\u00f3\u0142pracuje z nast\u0119puj\u0105cymi serwisami zewn\u0119trznymi, kt\u00f3re mog\u0105 zamieszcza\u0107 pliki Cookie na Urz\u0105dzeniach U\u017cytkownika:<\/span><\/p><ul id=\"zewnetrzne\"><li><p><strong><span class=\"colored\">Google Analytics<\/span><\/strong><\/p><\/li><li><p><strong><span class=\"colored\">Facebook<\/span><\/strong><\/p><\/li><li><p><strong><span class=\"colored\">Youtube<\/span><\/strong><\/p><\/li><\/ul><h6 style=\"text-align: center;\">\u00a7 6 Mo\u017cliwo\u015bci okre\u015blania warunk\u00f3w przechowywania i uzyskiwania dost\u0119pu na Urz\u0105dzeniach U\u017cytkownika przez Serwis<span id=\"sz6\" style=\"display: inline;\"> i Serwisy zewn\u0119trzne<\/span><\/h6><ul><li><p>U\u017cytkownik mo\u017ce w dowolnym momencie, samodzielnie zmieni\u0107 ustawienia dotycz\u0105ce zapisywania, usuwania oraz dost\u0119pu do danych zapisanych plik\u00f3w Cookies<\/p><\/li><li><p>Informacje o sposobie wy\u0142\u0105czenia plik\u00f3w Cookie w najpopularniejszych przegl\u0105darkach komputerowych i urz\u0105dze\u0144 mobilnych dost\u0119pna s\u0105 na stronie: <a href=\"http:\/\/jakwylaczyccookie.pl\">jak wy\u0142\u0105czy\u0107 cookie<\/a>.<\/p><\/li><li><p>U\u017cytkownik mo\u017ce w dowolnym momencie usun\u0105\u0107 wszelkie zapisane do tej pory pliki Cookie korzystaj\u0105c z narz\u0119dzi Urz\u0105dzenia U\u017cytkownika za po\u015brednictwem kt\u00f3rego U\u017cytkownik korzysta z us\u0142ug Serwisu.<\/p><\/li><\/ul><h6 style=\"text-align: center;\">\u00a7 7 Wymagania Serwisu<\/h6><ul><li><p>Ograniczenie zapisu i dost\u0119pu do plik\u00f3w Cookie na Urz\u0105dzeniu U\u017cytkownika mo\u017ce spowodowa\u0107 nieprawid\u0142owe dzia\u0142anie niekt\u00f3rych funkcji Serwisu.<\/p><\/li><li><p>Administrator nie ponosi \u017cadnej odpowiedzialno\u015bci za nieprawid\u0142owo dzia\u0142aj\u0105ce funkcje Serwisu w przypadku gdy U\u017cytkownik ograniczy w jakikolwiek spos\u00f3b mo\u017cliwo\u015b\u0107 zapisywania i odczytu plik\u00f3w Cookie.<\/p><\/li><\/ul><h6 style=\"text-align: center;\">\u00a7 8 Zmiany w Polityce Cookie<\/h6><ul><li><p>Administrator zastrzega sobie prawo do dowolnej zmiany niniejszej Polityki Cookie bez konieczno\u015bci informowania o tym u\u017cytkownik\u00f3w.<\/p><\/li><li><p>Wprowadzone zmiany w Polityce Cookie zawsze b\u0119d\u0105 publikowane na tej stronie.<\/p><\/li><li><p>Wprowadzone zmiany wchodz\u0105 w \u017cycie w dniu publikacji Polityki Cookie.<\/p><\/li><\/ul>\t\t\t\t\t\t\t\t<\/div>\n\t\t\t\t<\/div>\n\t\t\t\t\t<\/div>\n\t\t<\/div>\n\t\t\t\t\t<\/div>\n\t\t<\/section>\n\t\t\t\t<\/div>\n\t\t","protected":false},"excerpt":{"rendered":"<p>Polityka Cookies Poni\u017csza Polityka Cookies okre\u015bla zasady zapisywania i uzyskiwania dost\u0119pu do danych na Urz\u0105dzeniach U\u017cytkownik\u00f3w korzystaj\u0105cych z Serwisu do cel\u00f3w \u015bwiadczenia us\u0142ug drog\u0105 elektroniczn\u0105 przez Administratora Serwisu. \u00a7 1 Definicje Serwis &#8211; serwis internetowy dzia\u0142aj\u0105cy pod adresem www.zhinengqigong.pl Serwis zewn\u0119trzny &#8211; serwis internetowe partner\u00f3w, us\u0142ugodawc\u00f3w lub us\u0142ugobiorc\u00f3w Administratora Administrator [&hellip;]<\/p>\n","protected":false},"author":2,"featured_media":0,"parent":0,"menu_order":0,"comment_status":"closed","ping_status":"closed","template":"page-templates\/template-pagebuilder-full-width.php","meta":{"footnotes":""},"class_list":["post-751","page","type-page","status-publish","hentry"],"yoast_head":"<!-- This site is optimized with the Yoast SEO plugin v26.6 - https:\/\/yoast.com\/wordpress\/plugins\/seo\/ -->\n<title>Cookies - Zhineng Qigong<\/title>\n<meta name=\"robots\" content=\"index, follow, max-snippet:-1, max-image-preview:large, max-video-preview:-1\" \/>\n<link rel=\"canonical\" href=\"https:\/\/zhinengqigong.pl\/index.php\/cookies\/\" \/>\n<meta property=\"og:locale\" content=\"pl_PL\" \/>\n<meta property=\"og:type\" content=\"article\" \/>\n<meta property=\"og:title\" content=\"Cookies - Zhineng Qigong\" \/>\n<meta property=\"og:description\" content=\"Polityka Cookies Poni\u017csza Polityka Cookies okre\u015bla zasady zapisywania i uzyskiwania dost\u0119pu do danych na Urz\u0105dzeniach U\u017cytkownik\u00f3w korzystaj\u0105cych z Serwisu do cel\u00f3w \u015bwiadczenia us\u0142ug drog\u0105 elektroniczn\u0105 przez Administratora Serwisu. \u00a7 1 Definicje Serwis &#8211; serwis internetowy dzia\u0142aj\u0105cy pod adresem www.zhinengqigong.pl Serwis zewn\u0119trzny &#8211; serwis internetowe partner\u00f3w, us\u0142ugodawc\u00f3w lub us\u0142ugobiorc\u00f3w Administratora Administrator [&hellip;]\" \/>\n<meta property=\"og:url\" content=\"https:\/\/zhinengqigong.pl\/index.php\/cookies\/\" \/>\n<meta property=\"og:site_name\" content=\"Zhineng Qigong\" \/>\n<meta property=\"article:modified_time\" content=\"2020-04-10T10:14:30+00:00\" \/>\n<meta name=\"twitter:card\" content=\"summary_large_image\" \/>\n<meta name=\"twitter:label1\" content=\"Szacowany czas czytania\" \/>\n\t<meta name=\"twitter:data1\" content=\"4 minuty\" \/>\n<script type=\"application\/ld+json\" class=\"yoast-schema-graph\">{\"@context\":\"https:\/\/schema.org\",\"@graph\":[{\"@type\":\"WebPage\",\"@id\":\"https:\/\/zhinengqigong.pl\/index.php\/cookies\/\",\"url\":\"https:\/\/zhinengqigong.pl\/index.php\/cookies\/\",\"name\":\"Cookies - Zhineng Qigong\",\"isPartOf\":{\"@id\":\"https:\/\/zhinengqigong.pl\/#website\"},\"datePublished\":\"2020-03-01T11:19:30+00:00\",\"dateModified\":\"2020-04-10T10:14:30+00:00\",\"breadcrumb\":{\"@id\":\"https:\/\/zhinengqigong.pl\/index.php\/cookies\/#breadcrumb\"},\"inLanguage\":\"pl-PL\",\"potentialAction\":[{\"@type\":\"ReadAction\",\"target\":[\"https:\/\/zhinengqigong.pl\/index.php\/cookies\/\"]}]},{\"@type\":\"BreadcrumbList\",\"@id\":\"https:\/\/zhinengqigong.pl\/index.php\/cookies\/#breadcrumb\",\"itemListElement\":[{\"@type\":\"ListItem\",\"position\":1,\"name\":\"Strona g\u0142\u00f3wna\",\"item\":\"https:\/\/zhinengqigong.pl\/\"},{\"@type\":\"ListItem\",\"position\":2,\"name\":\"Cookies\"}]},{\"@type\":\"WebSite\",\"@id\":\"https:\/\/zhinengqigong.pl\/#website\",\"url\":\"https:\/\/zhinengqigong.pl\/\",\"name\":\"Zhineng Qigong\",\"description\":\"Qigong - \u0107wiczenia chi\u0144skiej tradycyjnej medycyny\",\"publisher\":{\"@id\":\"https:\/\/zhinengqigong.pl\/#organization\"},\"potentialAction\":[{\"@type\":\"SearchAction\",\"target\":{\"@type\":\"EntryPoint\",\"urlTemplate\":\"https:\/\/zhinengqigong.pl\/?s={search_term_string}\"},\"query-input\":{\"@type\":\"PropertyValueSpecification\",\"valueRequired\":true,\"valueName\":\"search_term_string\"}}],\"inLanguage\":\"pl-PL\"},{\"@type\":\"Organization\",\"@id\":\"https:\/\/zhinengqigong.pl\/#organization\",\"name\":\"Zhineng Qigong\",\"url\":\"https:\/\/zhinengqigong.pl\/\",\"logo\":{\"@type\":\"ImageObject\",\"inLanguage\":\"pl-PL\",\"@id\":\"https:\/\/zhinengqigong.pl\/#\/schema\/logo\/image\/\",\"url\":\"https:\/\/zhinengqigong.pl\/wp-content\/uploads\/2020\/01\/cropped-Zhineng-Qigong-logo-systemu.png\",\"contentUrl\":\"https:\/\/zhinengqigong.pl\/wp-content\/uploads\/2020\/01\/cropped-Zhineng-Qigong-logo-systemu.png\",\"width\":341,\"height\":338,\"caption\":\"Zhineng Qigong\"},\"image\":{\"@id\":\"https:\/\/zhinengqigong.pl\/#\/schema\/logo\/image\/\"}}]}<\/script>\n<!-- \/ Yoast SEO plugin. -->","yoast_head_json":{"title":"Cookies - Zhineng Qigong","robots":{"index":"index","follow":"follow","max-snippet":"max-snippet:-1","max-image-preview":"max-image-preview:large","max-video-preview":"max-video-preview:-1"},"canonical":"https:\/\/zhinengqigong.pl\/index.php\/cookies\/","og_locale":"pl_PL","og_type":"article","og_title":"Cookies - Zhineng Qigong","og_description":"Polityka Cookies Poni\u017csza Polityka Cookies okre\u015bla zasady zapisywania i uzyskiwania dost\u0119pu do danych na Urz\u0105dzeniach U\u017cytkownik\u00f3w korzystaj\u0105cych z Serwisu do cel\u00f3w \u015bwiadczenia us\u0142ug drog\u0105 elektroniczn\u0105 przez Administratora Serwisu. \u00a7 1 Definicje Serwis &#8211; serwis internetowy dzia\u0142aj\u0105cy pod adresem www.zhinengqigong.pl Serwis zewn\u0119trzny &#8211; serwis internetowe partner\u00f3w, us\u0142ugodawc\u00f3w lub us\u0142ugobiorc\u00f3w Administratora Administrator [&hellip;]","og_url":"https:\/\/zhinengqigong.pl\/index.php\/cookies\/","og_site_name":"Zhineng Qigong","article_modified_time":"2020-04-10T10:14:30+00:00","twitter_card":"summary_large_image","twitter_misc":{"Szacowany czas czytania":"4 minuty"},"schema":{"@context":"https:\/\/schema.org","@graph":[{"@type":"WebPage","@id":"https:\/\/zhinengqigong.pl\/index.php\/cookies\/","url":"https:\/\/zhinengqigong.pl\/index.php\/cookies\/","name":"Cookies - Zhineng Qigong","isPartOf":{"@id":"https:\/\/zhinengqigong.pl\/#website"},"datePublished":"2020-03-01T11:19:30+00:00","dateModified":"2020-04-10T10:14:30+00:00","breadcrumb":{"@id":"https:\/\/zhinengqigong.pl\/index.php\/cookies\/#breadcrumb"},"inLanguage":"pl-PL","potentialAction":[{"@type":"ReadAction","target":["https:\/\/zhinengqigong.pl\/index.php\/cookies\/"]}]},{"@type":"BreadcrumbList","@id":"https:\/\/zhinengqigong.pl\/index.php\/cookies\/#breadcrumb","itemListElement":[{"@type":"ListItem","position":1,"name":"Strona g\u0142\u00f3wna","item":"https:\/\/zhinengqigong.pl\/"},{"@type":"ListItem","position":2,"name":"Cookies"}]},{"@type":"WebSite","@id":"https:\/\/zhinengqigong.pl\/#website","url":"https:\/\/zhinengqigong.pl\/","name":"Zhineng Qigong","description":"Qigong - \u0107wiczenia chi\u0144skiej tradycyjnej medycyny","publisher":{"@id":"https:\/\/zhinengqigong.pl\/#organization"},"potentialAction":[{"@type":"SearchAction","target":{"@type":"EntryPoint","urlTemplate":"https:\/\/zhinengqigong.pl\/?s={search_term_string}"},"query-input":{"@type":"PropertyValueSpecification","valueRequired":true,"valueName":"search_term_string"}}],"inLanguage":"pl-PL"},{"@type":"Organization","@id":"https:\/\/zhinengqigong.pl\/#organization","name":"Zhineng Qigong","url":"https:\/\/zhinengqigong.pl\/","logo":{"@type":"ImageObject","inLanguage":"pl-PL","@id":"https:\/\/zhinengqigong.pl\/#\/schema\/logo\/image\/","url":"https:\/\/zhinengqigong.pl\/wp-content\/uploads\/2020\/01\/cropped-Zhineng-Qigong-logo-systemu.png","contentUrl":"https:\/\/zhinengqigong.pl\/wp-content\/uploads\/2020\/01\/cropped-Zhineng-Qigong-logo-systemu.png","width":341,"height":338,"caption":"Zhineng Qigong"},"image":{"@id":"https:\/\/zhinengqigong.pl\/#\/schema\/logo\/image\/"}}]}},"jetpack_sharing_enabled":true,"_links":{"self":[{"href":"https:\/\/zhinengqigong.pl\/index.php\/wp-json\/wp\/v2\/pages\/751","targetHints":{"allow":["GET"]}}],"collection":[{"href":"https:\/\/zhinengqigong.pl\/index.php\/wp-json\/wp\/v2\/pages"}],"about":[{"href":"https:\/\/zhinengqigong.pl\/index.php\/wp-json\/wp\/v2\/types\/page"}],"author":[{"embeddable":true,"href":"https:\/\/zhinengqigong.pl\/index.php\/wp-json\/wp\/v2\/users\/2"}],"replies":[{"embeddable":true,"href":"https:\/\/zhinengqigong.pl\/index.php\/wp-json\/wp\/v2\/comments?post=751"}],"version-history":[{"count":11,"href":"https:\/\/zhinengqigong.pl\/index.php\/wp-json\/wp\/v2\/pages\/751\/revisions"}],"predecessor-version":[{"id":1308,"href":"https:\/\/zhinengqigong.pl\/index.php\/wp-json\/wp\/v2\/pages\/751\/revisions\/1308"}],"wp:attachment":[{"href":"https:\/\/zhinengqigong.pl\/index.php\/wp-json\/wp\/v2\/media?parent=751"}],"curies":[{"name":"wp","href":"https:\/\/api.w.org\/{rel}","templated":true}]}}