{"id":32,"date":"2020-01-21T21:41:58","date_gmt":"2020-01-21T21:41:58","guid":{"rendered":"http:\/\/zhinengqigong.pl\/?page_id=32"},"modified":"2024-07-25T07:16:04","modified_gmt":"2024-07-25T07:16:04","slug":"kontakt","status":"publish","type":"page","link":"https:\/\/zhinengqigong.pl\/index.php\/kontakt\/","title":{"rendered":"Kontakt"},"content":{"rendered":"\t\t<div data-elementor-type=\"wp-page\" data-elementor-id=\"32\" class=\"elementor elementor-32\" data-elementor-post-type=\"page\">\n\t\t\t\t\t\t<section class=\"elementor-section elementor-top-section elementor-element elementor-element-e77cdb6 elementor-section-stretched elementor-section-boxed elementor-section-height-default elementor-section-height-default\" data-id=\"e77cdb6\" data-element_type=\"section\" data-settings=\"{&quot;stretch_section&quot;:&quot;section-stretched&quot;}\">\n\t\t\t\t\t\t<div class=\"elementor-container elementor-column-gap-default\">\n\t\t\t\t\t<div class=\"elementor-column elementor-col-50 elementor-top-column elementor-element elementor-element-459c651\" data-id=\"459c651\" data-element_type=\"column\">\n\t\t\t<div class=\"elementor-widget-wrap elementor-element-populated\">\n\t\t\t\t\t\t<div class=\"elementor-element elementor-element-ed012fe elementor-widget elementor-widget-google_maps\" data-id=\"ed012fe\" data-element_type=\"widget\" data-widget_type=\"google_maps.default\">\n\t\t\t\t<div class=\"elementor-widget-container\">\n\t\t\t\t\t\t\t<div class=\"elementor-custom-embed\">\n\t\t\t<iframe loading=\"lazy\"\n\t\t\t\t\tsrc=\"https:\/\/maps.google.com\/maps?q=Kielecka%203%2C%20Zagna%C5%84sk&#038;t=m&#038;z=9&#038;output=embed&#038;iwloc=near\"\n\t\t\t\t\ttitle=\"Kielecka 3, Zagna\u0144sk\"\n\t\t\t\t\taria-label=\"Kielecka 3, Zagna\u0144sk\"\n\t\t\t><\/iframe>\n\t\t<\/div>\n\t\t\t\t\t\t<\/div>\n\t\t\t\t<\/div>\n\t\t\t\t\t<\/div>\n\t\t<\/div>\n\t\t\t\t<div class=\"elementor-column elementor-col-50 elementor-top-column elementor-element elementor-element-8e2fbe3\" data-id=\"8e2fbe3\" data-element_type=\"column\">\n\t\t\t<div class=\"elementor-widget-wrap elementor-element-populated\">\n\t\t\t\t\t\t<div class=\"elementor-element elementor-element-dd09116 elementor-widget elementor-widget-content_form_contact\" data-id=\"dd09116\" data-element_type=\"widget\" data-widget_type=\"content_form_contact.default\">\n\t\t\t\t<div class=\"elementor-widget-container\">\n\t\t\t\t\t<form action=\"https:\/\/zhinengqigong.pl\/wp-admin\/admin-post.php\" method=\"post\" name=\"content-form-dd09116\" id=\"content-form-dd09116\" class=\"ti-cf-module content-form content-form-contact content_form_contact\"><input type=\"hidden\" id=\"_wpnonce_contact\" name=\"_wpnonce_contact\" value=\"06b45c1719\" \/><input type=\"hidden\" name=\"_wp_http_referer\" value=\"\/index.php\/kontakt\/\" \/><input type=\"hidden\" name=\"action\" value=\"content_form_submit\" \/><input type=\"hidden\" name=\"form-type\" value=\"contact\" \/><input type=\"hidden\" name=\"form-builder\" value=\"elementor\" \/><input type=\"hidden\" name=\"post-id\" value=\"32\" \/><input type=\"hidden\" name=\"form-id\" value=\"dd09116\" \/><fieldset class=&quot;content-form-field-text elementor-column elementor-col-100&quot;><label for=\"data[dd09116][name]\" ><\/label><input type=\"text\" name=\"data[dd09116][name]\" id=\"data[dd09116][name]\" required=required  placeholder=\"Imi\u0119 i nazwisko\"><\/fieldset><fieldset class=&quot;content-form-field-email elementor-column elementor-col-100&quot;><label for=\"data[dd09116][email]\" ><\/label><input type=\"text\" name=\"data[dd09116][email]\" id=\"data[dd09116][email]\" required=required  placeholder=\"Tw\u00f3j e-mail\"><\/fieldset><fieldset class=&quot;content-form-field-number elementor-column elementor-col-100&quot;><label for=\"data[dd09116][phone]\" ><\/label><input type=\"text\" name=\"data[dd09116][phone]\" id=\"data[dd09116][phone]\"   placeholder=\"Temat\"><\/fieldset><fieldset class=&quot;content-form-field-textarea elementor-column elementor-col-100&quot;><label for=\"data[dd09116][message]\" ><\/label><textarea name=\"data[dd09116][message]\" id=\"data[dd09116][message]\"  required=required placeholder=\"Twoja wiadomo\u015b\u0107\" cols=\"30\" rows=\"5\"><\/textarea><\/fieldset><fieldset class=\"submit-form contact\"><button type=\"submit\" name=\"submit\"  value=\"submit-contact-dd09116\" class=\"\">Wy\u015blij wiadomo\u015b\u0107<\/button><\/fieldset><\/form>\t\t\t\t<\/div>\n\t\t\t\t<\/div>\n\t\t\t\t\t<\/div>\n\t\t<\/div>\n\t\t\t\t\t<\/div>\n\t\t<\/section>\n\t\t\t\t<section class=\"elementor-section elementor-top-section elementor-element elementor-element-326c734 elementor-section-boxed elementor-section-height-default elementor-section-height-default\" data-id=\"326c734\" data-element_type=\"section\">\n\t\t\t\t\t\t<div class=\"elementor-container elementor-column-gap-default\">\n\t\t\t\t\t<div class=\"elementor-column elementor-col-100 elementor-top-column elementor-element elementor-element-97d633f\" data-id=\"97d633f\" data-element_type=\"column\">\n\t\t\t<div class=\"elementor-widget-wrap elementor-element-populated\">\n\t\t\t\t\t\t<div class=\"elementor-element elementor-element-d14e726 elementor-widget elementor-widget-spacer\" data-id=\"d14e726\" data-element_type=\"widget\" data-widget_type=\"spacer.default\">\n\t\t\t\t<div class=\"elementor-widget-container\">\n\t\t\t\t\t\t\t<div class=\"elementor-spacer\">\n\t\t\t<div class=\"elementor-spacer-inner\"><\/div>\n\t\t<\/div>\n\t\t\t\t\t\t<\/div>\n\t\t\t\t<\/div>\n\t\t\t\t\t<\/div>\n\t\t<\/div>\n\t\t\t\t\t<\/div>\n\t\t<\/section>\n\t\t\t\t<\/div>\n\t\t","protected":false},"excerpt":{"rendered":"<p>Wy\u015blij wiadomo\u015b\u0107<\/p>\n","protected":false},"author":2,"featured_media":0,"parent":0,"menu_order":0,"comment_status":"closed","ping_status":"closed","template":"","meta":{"footnotes":""},"class_list":["post-32","page","type-page","status-publish","hentry"],"yoast_head":"<!-- This site is optimized with the Yoast SEO plugin v26.6 - https:\/\/yoast.com\/wordpress\/plugins\/seo\/ -->\n<title>Kontakt - Zhineng Qigong<\/title>\n<meta name=\"description\" content=\"Kontakt, zapisz si\u0119 na warsztaty Zhineng Qigong w Polsce w 2020. Odb\u0119d\u0105 si\u0119 w Sielpii ko\u0142o Ko\u0144skich od 22 sierpnia 2020 z chi\u0144skim Mistrzem Tu.\" \/>\n<meta name=\"robots\" content=\"index, follow, max-snippet:-1, max-image-preview:large, max-video-preview:-1\" \/>\n<link rel=\"canonical\" href=\"https:\/\/zhinengqigong.pl\/index.php\/kontakt\/\" \/>\n<meta property=\"og:locale\" content=\"pl_PL\" \/>\n<meta property=\"og:type\" content=\"article\" \/>\n<meta property=\"og:title\" content=\"Kontakt - Zhineng Qigong\" \/>\n<meta property=\"og:description\" content=\"Kontakt, zapisz si\u0119 na warsztaty Zhineng Qigong w Polsce w 2020. Odb\u0119d\u0105 si\u0119 w Sielpii ko\u0142o Ko\u0144skich od 22 sierpnia 2020 z chi\u0144skim Mistrzem Tu.\" \/>\n<meta property=\"og:url\" content=\"https:\/\/zhinengqigong.pl\/index.php\/kontakt\/\" \/>\n<meta property=\"og:site_name\" content=\"Zhineng Qigong\" \/>\n<meta property=\"article:modified_time\" content=\"2024-07-25T07:16:04+00:00\" \/>\n<meta name=\"twitter:card\" content=\"summary_large_image\" \/>\n<meta name=\"twitter:label1\" content=\"Szacowany czas czytania\" \/>\n\t<meta name=\"twitter:data1\" content=\"1 minuta\" \/>\n<script type=\"application\/ld+json\" class=\"yoast-schema-graph\">{\"@context\":\"https:\/\/schema.org\",\"@graph\":[{\"@type\":\"WebPage\",\"@id\":\"https:\/\/zhinengqigong.pl\/index.php\/kontakt\/\",\"url\":\"https:\/\/zhinengqigong.pl\/index.php\/kontakt\/\",\"name\":\"Kontakt - Zhineng Qigong\",\"isPartOf\":{\"@id\":\"https:\/\/zhinengqigong.pl\/#website\"},\"datePublished\":\"2020-01-21T21:41:58+00:00\",\"dateModified\":\"2024-07-25T07:16:04+00:00\",\"description\":\"Kontakt, zapisz si\u0119 na warsztaty Zhineng Qigong w Polsce w 2020. Odb\u0119d\u0105 si\u0119 w Sielpii ko\u0142o Ko\u0144skich od 22 sierpnia 2020 z chi\u0144skim Mistrzem Tu.\",\"breadcrumb\":{\"@id\":\"https:\/\/zhinengqigong.pl\/index.php\/kontakt\/#breadcrumb\"},\"inLanguage\":\"pl-PL\",\"potentialAction\":[{\"@type\":\"ReadAction\",\"target\":[\"https:\/\/zhinengqigong.pl\/index.php\/kontakt\/\"]}]},{\"@type\":\"BreadcrumbList\",\"@id\":\"https:\/\/zhinengqigong.pl\/index.php\/kontakt\/#breadcrumb\",\"itemListElement\":[{\"@type\":\"ListItem\",\"position\":1,\"name\":\"Strona g\u0142\u00f3wna\",\"item\":\"https:\/\/zhinengqigong.pl\/\"},{\"@type\":\"ListItem\",\"position\":2,\"name\":\"Kontakt\"}]},{\"@type\":\"WebSite\",\"@id\":\"https:\/\/zhinengqigong.pl\/#website\",\"url\":\"https:\/\/zhinengqigong.pl\/\",\"name\":\"Zhineng Qigong\",\"description\":\"Qigong - \u0107wiczenia chi\u0144skiej tradycyjnej medycyny\",\"publisher\":{\"@id\":\"https:\/\/zhinengqigong.pl\/#organization\"},\"potentialAction\":[{\"@type\":\"SearchAction\",\"target\":{\"@type\":\"EntryPoint\",\"urlTemplate\":\"https:\/\/zhinengqigong.pl\/?s={search_term_string}\"},\"query-input\":{\"@type\":\"PropertyValueSpecification\",\"valueRequired\":true,\"valueName\":\"search_term_string\"}}],\"inLanguage\":\"pl-PL\"},{\"@type\":\"Organization\",\"@id\":\"https:\/\/zhinengqigong.pl\/#organization\",\"name\":\"Zhineng Qigong\",\"url\":\"https:\/\/zhinengqigong.pl\/\",\"logo\":{\"@type\":\"ImageObject\",\"inLanguage\":\"pl-PL\",\"@id\":\"https:\/\/zhinengqigong.pl\/#\/schema\/logo\/image\/\",\"url\":\"https:\/\/zhinengqigong.pl\/wp-content\/uploads\/2020\/01\/cropped-Zhineng-Qigong-logo-systemu.png\",\"contentUrl\":\"https:\/\/zhinengqigong.pl\/wp-content\/uploads\/2020\/01\/cropped-Zhineng-Qigong-logo-systemu.png\",\"width\":341,\"height\":338,\"caption\":\"Zhineng Qigong\"},\"image\":{\"@id\":\"https:\/\/zhinengqigong.pl\/#\/schema\/logo\/image\/\"}}]}<\/script>\n<!-- \/ Yoast SEO plugin. -->","yoast_head_json":{"title":"Kontakt - Zhineng Qigong","description":"Kontakt, zapisz si\u0119 na warsztaty Zhineng Qigong w Polsce w 2020. Odb\u0119d\u0105 si\u0119 w Sielpii ko\u0142o Ko\u0144skich od 22 sierpnia 2020 z chi\u0144skim Mistrzem Tu.","robots":{"index":"index","follow":"follow","max-snippet":"max-snippet:-1","max-image-preview":"max-image-preview:large","max-video-preview":"max-video-preview:-1"},"canonical":"https:\/\/zhinengqigong.pl\/index.php\/kontakt\/","og_locale":"pl_PL","og_type":"article","og_title":"Kontakt - Zhineng Qigong","og_description":"Kontakt, zapisz si\u0119 na warsztaty Zhineng Qigong w Polsce w 2020. Odb\u0119d\u0105 si\u0119 w Sielpii ko\u0142o Ko\u0144skich od 22 sierpnia 2020 z chi\u0144skim Mistrzem Tu.","og_url":"https:\/\/zhinengqigong.pl\/index.php\/kontakt\/","og_site_name":"Zhineng Qigong","article_modified_time":"2024-07-25T07:16:04+00:00","twitter_card":"summary_large_image","twitter_misc":{"Szacowany czas czytania":"1 minuta"},"schema":{"@context":"https:\/\/schema.org","@graph":[{"@type":"WebPage","@id":"https:\/\/zhinengqigong.pl\/index.php\/kontakt\/","url":"https:\/\/zhinengqigong.pl\/index.php\/kontakt\/","name":"Kontakt - Zhineng Qigong","isPartOf":{"@id":"https:\/\/zhinengqigong.pl\/#website"},"datePublished":"2020-01-21T21:41:58+00:00","dateModified":"2024-07-25T07:16:04+00:00","description":"Kontakt, zapisz si\u0119 na warsztaty Zhineng Qigong w Polsce w 2020. Odb\u0119d\u0105 si\u0119 w Sielpii ko\u0142o Ko\u0144skich od 22 sierpnia 2020 z chi\u0144skim Mistrzem Tu.","breadcrumb":{"@id":"https:\/\/zhinengqigong.pl\/index.php\/kontakt\/#breadcrumb"},"inLanguage":"pl-PL","potentialAction":[{"@type":"ReadAction","target":["https:\/\/zhinengqigong.pl\/index.php\/kontakt\/"]}]},{"@type":"BreadcrumbList","@id":"https:\/\/zhinengqigong.pl\/index.php\/kontakt\/#breadcrumb","itemListElement":[{"@type":"ListItem","position":1,"name":"Strona g\u0142\u00f3wna","item":"https:\/\/zhinengqigong.pl\/"},{"@type":"ListItem","position":2,"name":"Kontakt"}]},{"@type":"WebSite","@id":"https:\/\/zhinengqigong.pl\/#website","url":"https:\/\/zhinengqigong.pl\/","name":"Zhineng Qigong","description":"Qigong - \u0107wiczenia chi\u0144skiej tradycyjnej medycyny","publisher":{"@id":"https:\/\/zhinengqigong.pl\/#organization"},"potentialAction":[{"@type":"SearchAction","target":{"@type":"EntryPoint","urlTemplate":"https:\/\/zhinengqigong.pl\/?s={search_term_string}"},"query-input":{"@type":"PropertyValueSpecification","valueRequired":true,"valueName":"search_term_string"}}],"inLanguage":"pl-PL"},{"@type":"Organization","@id":"https:\/\/zhinengqigong.pl\/#organization","name":"Zhineng Qigong","url":"https:\/\/zhinengqigong.pl\/","logo":{"@type":"ImageObject","inLanguage":"pl-PL","@id":"https:\/\/zhinengqigong.pl\/#\/schema\/logo\/image\/","url":"https:\/\/zhinengqigong.pl\/wp-content\/uploads\/2020\/01\/cropped-Zhineng-Qigong-logo-systemu.png","contentUrl":"https:\/\/zhinengqigong.pl\/wp-content\/uploads\/2020\/01\/cropped-Zhineng-Qigong-logo-systemu.png","width":341,"height":338,"caption":"Zhineng Qigong"},"image":{"@id":"https:\/\/zhinengqigong.pl\/#\/schema\/logo\/image\/"}}]}},"jetpack_sharing_enabled":true,"_links":{"self":[{"href":"https:\/\/zhinengqigong.pl\/index.php\/wp-json\/wp\/v2\/pages\/32","targetHints":{"allow":["GET"]}}],"collection":[{"href":"https:\/\/zhinengqigong.pl\/index.php\/wp-json\/wp\/v2\/pages"}],"about":[{"href":"https:\/\/zhinengqigong.pl\/index.php\/wp-json\/wp\/v2\/types\/page"}],"author":[{"embeddable":true,"href":"https:\/\/zhinengqigong.pl\/index.php\/wp-json\/wp\/v2\/users\/2"}],"replies":[{"embeddable":true,"href":"https:\/\/zhinengqigong.pl\/index.php\/wp-json\/wp\/v2\/comments?post=32"}],"version-history":[{"count":15,"href":"https:\/\/zhinengqigong.pl\/index.php\/wp-json\/wp\/v2\/pages\/32\/revisions"}],"predecessor-version":[{"id":1918,"href":"https:\/\/zhinengqigong.pl\/index.php\/wp-json\/wp\/v2\/pages\/32\/revisions\/1918"}],"wp:attachment":[{"href":"https:\/\/zhinengqigong.pl\/index.php\/wp-json\/wp\/v2\/media?parent=32"}],"curies":[{"name":"wp","href":"https:\/\/api.w.org\/{rel}","templated":true}]}}