{"id":1816,"date":"2021-11-05T17:56:04","date_gmt":"2021-11-05T17:56:04","guid":{"rendered":"https:\/\/zhinengqigong.pl\/?page_id=1816"},"modified":"2021-11-05T18:09:01","modified_gmt":"2021-11-05T18:09:01","slug":"qigong-cwiczenia-przez-internet","status":"publish","type":"page","link":"https:\/\/zhinengqigong.pl\/index.php\/qigong-cwiczenia-przez-internet\/","title":{"rendered":"Elementor #1816"},"content":{"rendered":"\t\t<div data-elementor-type=\"wp-page\" data-elementor-id=\"1816\" class=\"elementor elementor-1816\" data-elementor-post-type=\"page\">\n\t\t\t\t\t\t<section class=\"elementor-section elementor-top-section elementor-element elementor-element-8ae95cf elementor-section-boxed elementor-section-height-default elementor-section-height-default\" data-id=\"8ae95cf\" data-element_type=\"section\" data-e-type=\"section\">\n\t\t\t\t\t\t<div class=\"elementor-container elementor-column-gap-default\">\n\t\t\t\t\t<div class=\"elementor-column elementor-col-100 elementor-top-column elementor-element elementor-element-cd74603\" data-id=\"cd74603\" data-element_type=\"column\" data-e-type=\"column\">\n\t\t\t<div class=\"elementor-widget-wrap elementor-element-populated\">\n\t\t\t\t\t\t<div class=\"elementor-element elementor-element-d042012 elementor-widget elementor-widget-heading\" data-id=\"d042012\" data-element_type=\"widget\" data-e-type=\"widget\" data-widget_type=\"heading.default\">\n\t\t\t\t<div class=\"elementor-widget-container\">\n\t\t\t\t\t<h2 class=\"elementor-heading-title elementor-size-default\">Zhineng Qigong, \u0107wiczenia online<\/h2>\t\t\t\t<\/div>\n\t\t\t\t<\/div>\n\t\t\t\t\t<\/div>\n\t\t<\/div>\n\t\t\t\t\t<\/div>\n\t\t<\/section>\n\t\t\t\t<section class=\"elementor-section elementor-top-section elementor-element elementor-element-432e18b elementor-section-boxed elementor-section-height-default elementor-section-height-default\" data-id=\"432e18b\" data-element_type=\"section\" data-e-type=\"section\">\n\t\t\t\t\t\t<div class=\"elementor-container elementor-column-gap-default\">\n\t\t\t\t\t<div class=\"elementor-column elementor-col-100 elementor-top-column elementor-element elementor-element-217eb76\" data-id=\"217eb76\" data-element_type=\"column\" data-e-type=\"column\">\n\t\t\t<div class=\"elementor-widget-wrap elementor-element-populated\">\n\t\t\t\t\t\t<div class=\"elementor-element elementor-element-435b664 elementor-widget elementor-widget-text-editor\" data-id=\"435b664\" data-element_type=\"widget\" data-e-type=\"widget\" data-widget_type=\"text-editor.default\">\n\t\t\t\t<div class=\"elementor-widget-container\">\n\t\t\t\t\t\t\t\t\t<p>Codziennie o 19:00 odbywaj\u0105 si\u0119 online przez Zoom \u0107wiczenia Zhineng Qigong. Obecnie stopie\u0144 drugi <a href=\"https:\/\/zhinengqigong.pl\/index.php\/tu-laoshy\/\" target=\"_blank\" rel=\"noopener\">Xin Shen Zhuang<\/a> i stopie\u0144 trzeci <a href=\"https:\/\/zhinengqigong.pl\/index.php\/elementor-274\/\" target=\"_blank\" rel=\"noopener\">Wu Yuan Zhuang<\/a>. \u0106wiczy\u0107 mo\u017cesz w swoim domu bez wychodzenia na zewn\u0105trz. W ka\u017cd\u0105 sobot\u0119 i niedziel\u0119 \u0107wiczymy o 9:30 Chen Qi i La Qi.<\/p><p>W ka\u017cd\u0105 sobot\u0119 o 12 odbywaj\u0105 si\u0119 spotkania z nauczycielem <a href=\"https:\/\/zhinengqigong.pl\/index.php\/tu-laoshy\/\" target=\"_blank\" rel=\"noopener\">Tu <\/a>z Chin. Zaj\u0119cia t\u0142umaczone s\u0105 przez Sinologa Aleksandr\u0119 Ko\u0142odziej.\u00a0<\/p>\t\t\t\t\t\t\t\t<\/div>\n\t\t\t\t<\/div>\n\t\t\t\t\t<\/div>\n\t\t<\/div>\n\t\t\t\t\t<\/div>\n\t\t<\/section>\n\t\t\t\t<\/div>\n\t\t","protected":false},"excerpt":{"rendered":"<p>Zhineng Qigong, \u0107wiczenia online Codziennie o 19:00 odbywaj\u0105 si\u0119 online przez Zoom \u0107wiczenia Zhineng Qigong. Obecnie stopie\u0144 drugi Xin Shen Zhuang i stopie\u0144 trzeci Wu Yuan Zhuang. \u0106wiczy\u0107 mo\u017cesz w swoim domu bez wychodzenia na zewn\u0105trz. W ka\u017cd\u0105 sobot\u0119 i niedziel\u0119 \u0107wiczymy o 9:30 Chen Qi i La Qi. W [&hellip;]<\/p>\n","protected":false},"author":3,"featured_media":0,"parent":0,"menu_order":0,"comment_status":"closed","ping_status":"closed","template":"page-templates\/template-pagebuilder-full-width.php","meta":{"footnotes":""},"class_list":["post-1816","page","type-page","status-publish","hentry"],"yoast_head":"<!-- This site is optimized with the Yoast SEO plugin v27.4 - https:\/\/yoast.com\/product\/yoast-seo-wordpress\/ -->\n<title>Zhineng qigong \u0107wiczenia online<\/title>\n<meta name=\"description\" content=\"Zhineng qigong \u0107wiczenia online. W swoim domu mo\u017cesz codziennie wzi\u0105\u0107 udzia\u0142 w prastarych \u0107wiczeniach zachowania zdrowia\" \/>\n<meta name=\"robots\" content=\"index, follow, max-snippet:-1, max-image-preview:large, max-video-preview:-1\" \/>\n<link rel=\"canonical\" href=\"https:\/\/zhinengqigong.pl\/index.php\/qigong-cwiczenia-przez-internet\/\" \/>\n<meta property=\"og:locale\" content=\"pl_PL\" \/>\n<meta property=\"og:type\" content=\"article\" \/>\n<meta property=\"og:title\" content=\"Zhineng qigong \u0107wiczenia online\" \/>\n<meta property=\"og:description\" content=\"Zhineng qigong \u0107wiczenia online. W swoim domu mo\u017cesz codziennie wzi\u0105\u0107 udzia\u0142 w prastarych \u0107wiczeniach zachowania zdrowia\" \/>\n<meta property=\"og:url\" content=\"https:\/\/zhinengqigong.pl\/index.php\/qigong-cwiczenia-przez-internet\/\" \/>\n<meta property=\"og:site_name\" content=\"Zhineng Qigong\" \/>\n<meta property=\"article:modified_time\" content=\"2021-11-05T18:09:01+00:00\" \/>\n<meta name=\"twitter:card\" content=\"summary_large_image\" \/>\n<meta name=\"twitter:label1\" content=\"Szacowany czas czytania\" \/>\n\t<meta name=\"twitter:data1\" content=\"1 minuta\" \/>\n<script type=\"application\/ld+json\" class=\"yoast-schema-graph\">{\"@context\":\"https:\\\/\\\/schema.org\",\"@graph\":[{\"@type\":\"WebPage\",\"@id\":\"https:\\\/\\\/zhinengqigong.pl\\\/index.php\\\/qigong-cwiczenia-przez-internet\\\/\",\"url\":\"https:\\\/\\\/zhinengqigong.pl\\\/index.php\\\/qigong-cwiczenia-przez-internet\\\/\",\"name\":\"Zhineng qigong \u0107wiczenia online\",\"isPartOf\":{\"@id\":\"https:\\\/\\\/zhinengqigong.pl\\\/#website\"},\"datePublished\":\"2021-11-05T17:56:04+00:00\",\"dateModified\":\"2021-11-05T18:09:01+00:00\",\"description\":\"Zhineng qigong \u0107wiczenia online. W swoim domu mo\u017cesz codziennie wzi\u0105\u0107 udzia\u0142 w prastarych \u0107wiczeniach zachowania zdrowia\",\"breadcrumb\":{\"@id\":\"https:\\\/\\\/zhinengqigong.pl\\\/index.php\\\/qigong-cwiczenia-przez-internet\\\/#breadcrumb\"},\"inLanguage\":\"pl-PL\",\"potentialAction\":[{\"@type\":\"ReadAction\",\"target\":[\"https:\\\/\\\/zhinengqigong.pl\\\/index.php\\\/qigong-cwiczenia-przez-internet\\\/\"]}]},{\"@type\":\"BreadcrumbList\",\"@id\":\"https:\\\/\\\/zhinengqigong.pl\\\/index.php\\\/qigong-cwiczenia-przez-internet\\\/#breadcrumb\",\"itemListElement\":[{\"@type\":\"ListItem\",\"position\":1,\"name\":\"Strona g\u0142\u00f3wna\",\"item\":\"https:\\\/\\\/zhinengqigong.pl\\\/\"},{\"@type\":\"ListItem\",\"position\":2,\"name\":\"Elementor #1816\"}]},{\"@type\":\"WebSite\",\"@id\":\"https:\\\/\\\/zhinengqigong.pl\\\/#website\",\"url\":\"https:\\\/\\\/zhinengqigong.pl\\\/\",\"name\":\"Zhineng Qigong\",\"description\":\"Qigong - \u0107wiczenia chi\u0144skiej tradycyjnej medycyny\",\"publisher\":{\"@id\":\"https:\\\/\\\/zhinengqigong.pl\\\/#organization\"},\"potentialAction\":[{\"@type\":\"SearchAction\",\"target\":{\"@type\":\"EntryPoint\",\"urlTemplate\":\"https:\\\/\\\/zhinengqigong.pl\\\/?s={search_term_string}\"},\"query-input\":{\"@type\":\"PropertyValueSpecification\",\"valueRequired\":true,\"valueName\":\"search_term_string\"}}],\"inLanguage\":\"pl-PL\"},{\"@type\":\"Organization\",\"@id\":\"https:\\\/\\\/zhinengqigong.pl\\\/#organization\",\"name\":\"Zhineng Qigong\",\"url\":\"https:\\\/\\\/zhinengqigong.pl\\\/\",\"logo\":{\"@type\":\"ImageObject\",\"inLanguage\":\"pl-PL\",\"@id\":\"https:\\\/\\\/zhinengqigong.pl\\\/#\\\/schema\\\/logo\\\/image\\\/\",\"url\":\"https:\\\/\\\/zhinengqigong.pl\\\/wp-content\\\/uploads\\\/2020\\\/01\\\/cropped-Zhineng-Qigong-logo-systemu.png\",\"contentUrl\":\"https:\\\/\\\/zhinengqigong.pl\\\/wp-content\\\/uploads\\\/2020\\\/01\\\/cropped-Zhineng-Qigong-logo-systemu.png\",\"width\":341,\"height\":338,\"caption\":\"Zhineng Qigong\"},\"image\":{\"@id\":\"https:\\\/\\\/zhinengqigong.pl\\\/#\\\/schema\\\/logo\\\/image\\\/\"}}]}<\/script>\n<!-- \/ Yoast SEO plugin. -->","yoast_head_json":{"title":"Zhineng qigong \u0107wiczenia online","description":"Zhineng qigong \u0107wiczenia online. W swoim domu mo\u017cesz codziennie wzi\u0105\u0107 udzia\u0142 w prastarych \u0107wiczeniach zachowania zdrowia","robots":{"index":"index","follow":"follow","max-snippet":"max-snippet:-1","max-image-preview":"max-image-preview:large","max-video-preview":"max-video-preview:-1"},"canonical":"https:\/\/zhinengqigong.pl\/index.php\/qigong-cwiczenia-przez-internet\/","og_locale":"pl_PL","og_type":"article","og_title":"Zhineng qigong \u0107wiczenia online","og_description":"Zhineng qigong \u0107wiczenia online. W swoim domu mo\u017cesz codziennie wzi\u0105\u0107 udzia\u0142 w prastarych \u0107wiczeniach zachowania zdrowia","og_url":"https:\/\/zhinengqigong.pl\/index.php\/qigong-cwiczenia-przez-internet\/","og_site_name":"Zhineng Qigong","article_modified_time":"2021-11-05T18:09:01+00:00","twitter_card":"summary_large_image","twitter_misc":{"Szacowany czas czytania":"1 minuta"},"schema":{"@context":"https:\/\/schema.org","@graph":[{"@type":"WebPage","@id":"https:\/\/zhinengqigong.pl\/index.php\/qigong-cwiczenia-przez-internet\/","url":"https:\/\/zhinengqigong.pl\/index.php\/qigong-cwiczenia-przez-internet\/","name":"Zhineng qigong \u0107wiczenia online","isPartOf":{"@id":"https:\/\/zhinengqigong.pl\/#website"},"datePublished":"2021-11-05T17:56:04+00:00","dateModified":"2021-11-05T18:09:01+00:00","description":"Zhineng qigong \u0107wiczenia online. W swoim domu mo\u017cesz codziennie wzi\u0105\u0107 udzia\u0142 w prastarych \u0107wiczeniach zachowania zdrowia","breadcrumb":{"@id":"https:\/\/zhinengqigong.pl\/index.php\/qigong-cwiczenia-przez-internet\/#breadcrumb"},"inLanguage":"pl-PL","potentialAction":[{"@type":"ReadAction","target":["https:\/\/zhinengqigong.pl\/index.php\/qigong-cwiczenia-przez-internet\/"]}]},{"@type":"BreadcrumbList","@id":"https:\/\/zhinengqigong.pl\/index.php\/qigong-cwiczenia-przez-internet\/#breadcrumb","itemListElement":[{"@type":"ListItem","position":1,"name":"Strona g\u0142\u00f3wna","item":"https:\/\/zhinengqigong.pl\/"},{"@type":"ListItem","position":2,"name":"Elementor #1816"}]},{"@type":"WebSite","@id":"https:\/\/zhinengqigong.pl\/#website","url":"https:\/\/zhinengqigong.pl\/","name":"Zhineng Qigong","description":"Qigong - \u0107wiczenia chi\u0144skiej tradycyjnej medycyny","publisher":{"@id":"https:\/\/zhinengqigong.pl\/#organization"},"potentialAction":[{"@type":"SearchAction","target":{"@type":"EntryPoint","urlTemplate":"https:\/\/zhinengqigong.pl\/?s={search_term_string}"},"query-input":{"@type":"PropertyValueSpecification","valueRequired":true,"valueName":"search_term_string"}}],"inLanguage":"pl-PL"},{"@type":"Organization","@id":"https:\/\/zhinengqigong.pl\/#organization","name":"Zhineng Qigong","url":"https:\/\/zhinengqigong.pl\/","logo":{"@type":"ImageObject","inLanguage":"pl-PL","@id":"https:\/\/zhinengqigong.pl\/#\/schema\/logo\/image\/","url":"https:\/\/zhinengqigong.pl\/wp-content\/uploads\/2020\/01\/cropped-Zhineng-Qigong-logo-systemu.png","contentUrl":"https:\/\/zhinengqigong.pl\/wp-content\/uploads\/2020\/01\/cropped-Zhineng-Qigong-logo-systemu.png","width":341,"height":338,"caption":"Zhineng Qigong"},"image":{"@id":"https:\/\/zhinengqigong.pl\/#\/schema\/logo\/image\/"}}]}},"jetpack_sharing_enabled":true,"_links":{"self":[{"href":"https:\/\/zhinengqigong.pl\/index.php\/wp-json\/wp\/v2\/pages\/1816","targetHints":{"allow":["GET"]}}],"collection":[{"href":"https:\/\/zhinengqigong.pl\/index.php\/wp-json\/wp\/v2\/pages"}],"about":[{"href":"https:\/\/zhinengqigong.pl\/index.php\/wp-json\/wp\/v2\/types\/page"}],"author":[{"embeddable":true,"href":"https:\/\/zhinengqigong.pl\/index.php\/wp-json\/wp\/v2\/users\/3"}],"replies":[{"embeddable":true,"href":"https:\/\/zhinengqigong.pl\/index.php\/wp-json\/wp\/v2\/comments?post=1816"}],"version-history":[{"count":17,"href":"https:\/\/zhinengqigong.pl\/index.php\/wp-json\/wp\/v2\/pages\/1816\/revisions"}],"predecessor-version":[{"id":1837,"href":"https:\/\/zhinengqigong.pl\/index.php\/wp-json\/wp\/v2\/pages\/1816\/revisions\/1837"}],"wp:attachment":[{"href":"https:\/\/zhinengqigong.pl\/index.php\/wp-json\/wp\/v2\/media?parent=1816"}],"curies":[{"name":"wp","href":"https:\/\/api.w.org\/{rel}","templated":true}]}}