{"id":1544,"date":"2020-04-23T12:45:23","date_gmt":"2020-04-23T12:45:23","guid":{"rendered":"http:\/\/zhinengqigong.pl\/?page_id=1544"},"modified":"2020-04-23T13:04:50","modified_gmt":"2020-04-23T13:04:50","slug":"level-2-xing-shen-zuang-body-and-mind-condition","status":"publish","type":"page","link":"https:\/\/zhinengqigong.pl\/index.php\/en\/level-2-xing-shen-zuang-body-and-mind-condition\/","title":{"rendered":"Level 2. Xing Shen Zuang &#8211; Body and mind condition"},"content":{"rendered":"\t\t<div data-elementor-type=\"wp-page\" data-elementor-id=\"1544\" class=\"elementor elementor-1544\" data-elementor-post-type=\"page\">\n\t\t\t\t\t\t<section class=\"elementor-section elementor-top-section elementor-element elementor-element-6efa3e3 elementor-section-stretched elementor-section-boxed elementor-section-height-default elementor-section-height-default\" data-id=\"6efa3e3\" data-element_type=\"section\" data-e-type=\"section\" data-settings=\"{&quot;stretch_section&quot;:&quot;section-stretched&quot;}\">\n\t\t\t\t\t\t<div class=\"elementor-container elementor-column-gap-default\">\n\t\t\t\t\t<div class=\"elementor-column elementor-col-100 elementor-top-column elementor-element elementor-element-d2f8574\" data-id=\"d2f8574\" data-element_type=\"column\" data-e-type=\"column\">\n\t\t\t<div class=\"elementor-widget-wrap elementor-element-populated\">\n\t\t\t\t\t\t<div class=\"elementor-element elementor-element-ec5488a elementor-widget elementor-widget-heading\" data-id=\"ec5488a\" data-element_type=\"widget\" data-e-type=\"widget\" data-widget_type=\"heading.default\">\n\t\t\t\t<div class=\"elementor-widget-container\">\n\t\t\t\t\t<h2 class=\"elementor-heading-title elementor-size-default\">Second Gong Zhineng Qigong - Body and Mind Method<\/h2>\t\t\t\t<\/div>\n\t\t\t\t<\/div>\n\t\t\t\t\t<\/div>\n\t\t<\/div>\n\t\t\t\t\t<\/div>\n\t\t<\/section>\n\t\t\t\t<section class=\"elementor-section elementor-top-section elementor-element elementor-element-6754a08 elementor-section-stretched elementor-section-boxed elementor-section-height-default elementor-section-height-default\" data-id=\"6754a08\" data-element_type=\"section\" data-e-type=\"section\" data-settings=\"{&quot;stretch_section&quot;:&quot;section-stretched&quot;}\">\n\t\t\t\t\t\t<div class=\"elementor-container elementor-column-gap-default\">\n\t\t\t\t\t<div class=\"elementor-column elementor-col-33 elementor-top-column elementor-element elementor-element-0af8a11\" data-id=\"0af8a11\" data-element_type=\"column\" data-e-type=\"column\">\n\t\t\t<div class=\"elementor-widget-wrap elementor-element-populated\">\n\t\t\t\t\t\t<div class=\"elementor-element elementor-element-42cc385 elementor-invisible elementor-widget elementor-widget-image\" data-id=\"42cc385\" data-element_type=\"widget\" data-e-type=\"widget\" data-settings=\"{&quot;_animation&quot;:&quot;fadeInLeft&quot;}\" data-widget_type=\"image.default\">\n\t\t\t\t<div class=\"elementor-widget-container\">\n\t\t\t\t\t\t\t\t\t\t\t\t\t\t\t<img fetchpriority=\"high\" decoding=\"async\" width=\"750\" height=\"1000\" src=\"https:\/\/zhinengqigong.pl\/wp-content\/uploads\/2020\/03\/IMG_20180916_161321-768x1024.jpg\" class=\"attachment-large size-large wp-image-1259\" alt=\"zhinengqigong.pl\" srcset=\"https:\/\/zhinengqigong.pl\/wp-content\/uploads\/2020\/03\/IMG_20180916_161321-768x1024.jpg 768w, https:\/\/zhinengqigong.pl\/wp-content\/uploads\/2020\/03\/IMG_20180916_161321-225x300.jpg 225w, https:\/\/zhinengqigong.pl\/wp-content\/uploads\/2020\/03\/IMG_20180916_161321-1152x1536.jpg 1152w, https:\/\/zhinengqigong.pl\/wp-content\/uploads\/2020\/03\/IMG_20180916_161321-1536x2048.jpg 1536w, https:\/\/zhinengqigong.pl\/wp-content\/uploads\/2020\/03\/IMG_20180916_161321-scaled.jpg 1920w\" sizes=\"(max-width: 750px) 100vw, 750px\" \/>\t\t\t\t\t\t\t\t\t\t\t\t\t\t\t<\/div>\n\t\t\t\t<\/div>\n\t\t\t\t\t<\/div>\n\t\t<\/div>\n\t\t\t\t<div class=\"elementor-column elementor-col-66 elementor-top-column elementor-element elementor-element-65b77a1\" data-id=\"65b77a1\" data-element_type=\"column\" data-e-type=\"column\">\n\t\t\t<div class=\"elementor-widget-wrap elementor-element-populated\">\n\t\t\t\t\t\t<div class=\"elementor-element elementor-element-dd3e1d6 elementor-invisible elementor-widget elementor-widget-text-editor\" data-id=\"dd3e1d6\" data-element_type=\"widget\" data-e-type=\"widget\" data-settings=\"{&quot;_animation&quot;:&quot;fadeInRight&quot;}\" data-widget_type=\"text-editor.default\">\n\t\t\t\t<div class=\"elementor-widget-container\">\n\t\t\t\t\t\t\t\t\t<p>Definition Body and mind methods.<\/p><p>The method of body and mind is the name of the second Gong Zhineng Qigong (X\u00edng Sh\u00e9n Zhu\u0101ng \u5f62 \u795e \u5e84). In Chinese spelling: Xing means &#8222;physical body&#8221;, Shen means &#8222;consciousness or mental activity&#8221;, and Zhuang means &#8222;body posture&#8221; (in this context). The name means Jing (Xing), Qi and Shen posture training. The intention of this exercise is to connect consciousness with the body as a holistic unity through body postures (body movements) by following the mind&#8217;s instructions. We call this method X\u00edng Sh\u00e9n H\u00f9n Yu\u00e1n (\u5f62 \u795e \u6df7\u5143 body and mind joined together). The mind and body method works on Xing Shen Hun Yuan inner Hun Yuan.<\/p><p>In Qigong practice, when we cultivate external Qi, it is called external Hun Yuan. When we cultivate inner Qi, we call it inner Hun Yuan. External Hun Yuan refers to the transmutation of natural (external) Qi with the intention of mind, it allows the body to easily absorb natural Qi and be consumed by the body. Because the process of transmutation occurs outside the body, we call it external Hun Yuan. Inner Hunyuan means that the mind intention connects Qi inside the body, allowing it to penetrate into the body and internal organs and unite with the skin, muscles, tendons, bones, meridians and internal organs.<\/p>\t\t\t\t\t\t\t\t<\/div>\n\t\t\t\t<\/div>\n\t\t\t\t\t<\/div>\n\t\t<\/div>\n\t\t\t\t\t<\/div>\n\t\t<\/section>\n\t\t\t\t<section class=\"elementor-section elementor-top-section elementor-element elementor-element-102a6bf elementor-section-stretched elementor-section-boxed elementor-section-height-default elementor-section-height-default elementor-invisible\" data-id=\"102a6bf\" data-element_type=\"section\" data-e-type=\"section\" data-settings=\"{&quot;stretch_section&quot;:&quot;section-stretched&quot;,&quot;animation&quot;:&quot;fadeIn&quot;}\">\n\t\t\t\t\t\t<div class=\"elementor-container elementor-column-gap-default\">\n\t\t\t\t\t<div class=\"elementor-column elementor-col-100 elementor-top-column elementor-element elementor-element-eb38eed\" data-id=\"eb38eed\" data-element_type=\"column\" data-e-type=\"column\">\n\t\t\t<div class=\"elementor-widget-wrap elementor-element-populated\">\n\t\t\t\t\t\t<div class=\"elementor-element elementor-element-49d7a56 elementor-widget elementor-widget-heading\" data-id=\"49d7a56\" data-element_type=\"widget\" data-e-type=\"widget\" data-widget_type=\"heading.default\">\n\t\t\t\t<div class=\"elementor-widget-container\">\n\t\t\t\t\t<h2 class=\"elementor-heading-title elementor-size-default\">In the beginning, X\u00edng Sh\u00e9n H\u00f9n Yu\u00e1n requires that you mix your mind and body activities as one.<\/h2>\t\t\t\t<\/div>\n\t\t\t\t<\/div>\n\t\t\t\t\t<\/div>\n\t\t<\/div>\n\t\t\t\t\t<\/div>\n\t\t<\/section>\n\t\t\t\t<section class=\"elementor-section elementor-top-section elementor-element elementor-element-6c30752 elementor-section-stretched elementor-section-boxed elementor-section-height-default elementor-section-height-default\" data-id=\"6c30752\" data-element_type=\"section\" data-e-type=\"section\" data-settings=\"{&quot;stretch_section&quot;:&quot;section-stretched&quot;}\">\n\t\t\t\t\t\t<div class=\"elementor-container elementor-column-gap-default\">\n\t\t\t\t\t<div class=\"elementor-column elementor-col-66 elementor-top-column elementor-element elementor-element-0872b7d\" data-id=\"0872b7d\" data-element_type=\"column\" data-e-type=\"column\">\n\t\t\t<div class=\"elementor-widget-wrap elementor-element-populated\">\n\t\t\t\t\t\t<div class=\"elementor-element elementor-element-5c8afd6 elementor-widget elementor-widget-text-editor\" data-id=\"5c8afd6\" data-element_type=\"widget\" data-e-type=\"widget\" data-widget_type=\"text-editor.default\">\n\t\t\t\t<div class=\"elementor-widget-container\">\n\t\t\t\t\t\t\t\t\t<p>In normal body exercise, although the body&#8217;s movements are directed by the mind&#8217;s intention, the mind&#8217;s intention is not focused on the movement of the body, but on the purpose of the movement. This is an outward intention. Exercise your body and mind requires that Shen (consciousness) be fully focused on penetrating into muscles, tendons and bones. Because Qi follows Shen, Qi following penetrates inside the places that are permeated by Shen, hence the distribution of Qi within the body changes. At the cellular level, Qi is usually concentrated in cell membranes. During the concentration of Shen, the amount of Qi also increases. When Shen penetrates into the body&#8217;s structures, Qi follows her. Gradually, internal Qi increases to the point where intracellular Qi and Qi cell membranes cannot be distinguished and become known as Internal Shen Hun Yuan.<\/p>\n<h5><b>Characteristics of the Body and Mind Method.<\/b><\/h5>\n<h6><b>1. High level of difficulty<\/b><\/h6>\n<p>Most of the movements in the Body and Mind method come from Fight Qigongs and traditional dynamic Qigongs. Including the opening movement, the whole method includes 11 separate exercises. There are no strong relationships between them, so they can be trained separately. The movements of these exercises, when isolated or divided into small sections, are mostly simple and schematic with a few rotational movements. Because the method was designed to correct body postures and Qi deficiencies caused by everyday life, these movements may seem strange compared to the movements we make every day.<\/p>\t\t\t\t\t\t\t\t<\/div>\n\t\t\t\t<\/div>\n\t\t\t\t\t<\/div>\n\t\t<\/div>\n\t\t\t\t<div class=\"elementor-column elementor-col-33 elementor-top-column elementor-element elementor-element-74677c2\" data-id=\"74677c2\" data-element_type=\"column\" data-e-type=\"column\">\n\t\t\t<div class=\"elementor-widget-wrap elementor-element-populated\">\n\t\t\t\t\t\t<div class=\"elementor-element elementor-element-a6c88f5 elementor-invisible elementor-widget elementor-widget-image\" data-id=\"a6c88f5\" data-element_type=\"widget\" data-e-type=\"widget\" data-settings=\"{&quot;_animation&quot;:&quot;fadeInRight&quot;}\" data-widget_type=\"image.default\">\n\t\t\t\t<div class=\"elementor-widget-container\">\n\t\t\t\t\t\t\t\t\t\t\t\t\t\t\t<img decoding=\"async\" width=\"660\" height=\"924\" src=\"https:\/\/zhinengqigong.pl\/wp-content\/uploads\/2020\/02\/Xing-Shen-ZhuangP1260741.jpg\" class=\"attachment-large size-large wp-image-226\" alt=\"Zhineng Qigong \u0107wiczenia chi\u0144skiej medycyny\" srcset=\"https:\/\/zhinengqigong.pl\/wp-content\/uploads\/2020\/02\/Xing-Shen-ZhuangP1260741.jpg 660w, https:\/\/zhinengqigong.pl\/wp-content\/uploads\/2020\/02\/Xing-Shen-ZhuangP1260741-214x300.jpg 214w\" sizes=\"(max-width: 660px) 100vw, 660px\" \/>\t\t\t\t\t\t\t\t\t\t\t\t\t\t\t<\/div>\n\t\t\t\t<\/div>\n\t\t\t\t\t<\/div>\n\t\t<\/div>\n\t\t\t\t\t<\/div>\n\t\t<\/section>\n\t\t\t\t<section class=\"elementor-section elementor-top-section elementor-element elementor-element-45f91f9 elementor-section-stretched elementor-section-boxed elementor-section-height-default elementor-section-height-default\" data-id=\"45f91f9\" data-element_type=\"section\" data-e-type=\"section\" data-settings=\"{&quot;stretch_section&quot;:&quot;section-stretched&quot;}\">\n\t\t\t\t\t\t<div class=\"elementor-container elementor-column-gap-default\">\n\t\t\t\t\t<div class=\"elementor-column elementor-col-100 elementor-top-column elementor-element elementor-element-6738221\" data-id=\"6738221\" data-element_type=\"column\" data-e-type=\"column\">\n\t\t\t<div class=\"elementor-widget-wrap elementor-element-populated\">\n\t\t\t\t\t\t\t<\/div>\n\t\t<\/div>\n\t\t\t\t\t<\/div>\n\t\t<\/section>\n\t\t\t\t<section class=\"elementor-section elementor-top-section elementor-element elementor-element-41b0ac3 elementor-section-stretched elementor-section-boxed elementor-section-height-default elementor-section-height-default\" data-id=\"41b0ac3\" data-element_type=\"section\" data-e-type=\"section\" data-settings=\"{&quot;stretch_section&quot;:&quot;section-stretched&quot;}\">\n\t\t\t\t\t\t<div class=\"elementor-container elementor-column-gap-default\">\n\t\t\t\t\t<div class=\"elementor-column elementor-col-33 elementor-top-column elementor-element elementor-element-9dcf09c\" data-id=\"9dcf09c\" data-element_type=\"column\" data-e-type=\"column\">\n\t\t\t<div class=\"elementor-widget-wrap elementor-element-populated\">\n\t\t\t\t\t\t<div class=\"elementor-element elementor-element-449d4f0 elementor-widget elementor-widget-image\" data-id=\"449d4f0\" data-element_type=\"widget\" data-e-type=\"widget\" data-widget_type=\"image.default\">\n\t\t\t\t<div class=\"elementor-widget-container\">\n\t\t\t\t\t\t\t\t\t\t\t\t\t\t\t<img decoding=\"async\" width=\"678\" height=\"1024\" src=\"https:\/\/zhinengqigong.pl\/wp-content\/uploads\/2020\/03\/LichengDSC_0250-\u2014-Odzyskano-678x1024.jpg\" class=\"attachment-large size-large wp-image-1265\" alt=\"Zhineng qigong \u0107wiczenia medycyny chi\u0144skiej\" srcset=\"https:\/\/zhinengqigong.pl\/wp-content\/uploads\/2020\/03\/LichengDSC_0250-\u2014-Odzyskano-678x1024.jpg 678w, https:\/\/zhinengqigong.pl\/wp-content\/uploads\/2020\/03\/LichengDSC_0250-\u2014-Odzyskano-199x300.jpg 199w, https:\/\/zhinengqigong.pl\/wp-content\/uploads\/2020\/03\/LichengDSC_0250-\u2014-Odzyskano-768x1160.jpg 768w, https:\/\/zhinengqigong.pl\/wp-content\/uploads\/2020\/03\/LichengDSC_0250-\u2014-Odzyskano.jpg 947w\" sizes=\"(max-width: 678px) 100vw, 678px\" \/>\t\t\t\t\t\t\t\t\t\t\t\t\t\t\t<\/div>\n\t\t\t\t<\/div>\n\t\t\t\t\t<\/div>\n\t\t<\/div>\n\t\t\t\t<div class=\"elementor-column elementor-col-66 elementor-top-column elementor-element elementor-element-5aade90\" data-id=\"5aade90\" data-element_type=\"column\" data-e-type=\"column\">\n\t\t\t<div class=\"elementor-widget-wrap elementor-element-populated\">\n\t\t\t\t\t\t<div class=\"elementor-element elementor-element-e320451 elementor-widget elementor-widget-text-editor\" data-id=\"e320451\" data-element_type=\"widget\" data-e-type=\"widget\" data-widget_type=\"text-editor.default\">\n\t\t\t\t<div class=\"elementor-widget-container\">\n\t\t\t\t\t\t\t\t\t<p>This exercise also trains small joints and back muscles that do not work in everyday life. At the beginning, when we practice correctly, we can feel that the movements are unnatural. To maintain a correct posture, some movements require the use of force, and after exercise, pain and fatigue may occur. However, they are necessary to loosen your tendons and ligaments and to open the Meridians.<\/p>\n<h6><b>2. Balanced and comprehensive movements<\/b><\/h6>\n<p>The Body and Mind Method emphasizes body movements. The structure is versatile and designed to train every part of the body. It is divided into three sections:<\/p>\n<p>Body:<\/p>\n<p>head, neck, chest, back, ribs, stomach, hips and tailbone.<\/p>\n<p>Upper limbs: arms, elbows, wrists, hands and fingers.<\/p>\n<p>Lower limbs: hip joints, knees, ankles, feet, toes.<\/p>\n<p>The movements balance the left and right sides, front and back, and the top and bottom<br>body part. They work to stretch and squeeze muscles and tendons, and to relax and make joints more flexible. Following the mind intention, we train almost every part of the body.<br>Practicing this method will balance Qi and embellish the body.<\/p>\t\t\t\t\t\t\t\t<\/div>\n\t\t\t\t<\/div>\n\t\t\t\t\t<\/div>\n\t\t<\/div>\n\t\t\t\t\t<\/div>\n\t\t<\/section>\n\t\t\t\t<\/div>\n\t\t","protected":false},"excerpt":{"rendered":"<p>Second Gong Zhineng Qigong &#8211; Body and Mind Method Definition Body and mind methods. The method of body and mind is the name of the second Gong Zhineng Qigong (X\u00edng Sh\u00e9n Zhu\u0101ng \u5f62 \u795e \u5e84). In Chinese spelling: Xing means &#8222;physical body&#8221;, Shen means &#8222;consciousness or mental activity&#8221;, and Zhuang [&hellip;]<\/p>\n","protected":false},"author":3,"featured_media":0,"parent":0,"menu_order":0,"comment_status":"closed","ping_status":"closed","template":"page-templates\/template-pagebuilder-full-width.php","meta":{"footnotes":""},"class_list":["post-1544","page","type-page","status-publish","hentry"],"yoast_head":"<!-- This site is optimized with the Yoast SEO plugin v27.3 - https:\/\/yoast.com\/product\/yoast-seo-wordpress\/ -->\n<title>Level 2. Xing Shen Zuang - Body and mind condition - Zhineng Qigong<\/title>\n<meta name=\"robots\" content=\"index, follow, max-snippet:-1, max-image-preview:large, max-video-preview:-1\" \/>\n<link rel=\"canonical\" href=\"https:\/\/zhinengqigong.pl\/index.php\/en\/level-2-xing-shen-zuang-body-and-mind-condition\/\" \/>\n<meta property=\"og:locale\" content=\"pl_PL\" \/>\n<meta property=\"og:type\" content=\"article\" \/>\n<meta property=\"og:title\" content=\"Level 2. Xing Shen Zuang - Body and mind condition - Zhineng Qigong\" \/>\n<meta property=\"og:description\" content=\"Second Gong Zhineng Qigong &#8211; Body and Mind Method Definition Body and mind methods. The method of body and mind is the name of the second Gong Zhineng Qigong (X\u00edng Sh\u00e9n Zhu\u0101ng \u5f62 \u795e \u5e84). In Chinese spelling: Xing means &#8222;physical body&#8221;, Shen means &#8222;consciousness or mental activity&#8221;, and Zhuang [&hellip;]\" \/>\n<meta property=\"og:url\" content=\"https:\/\/zhinengqigong.pl\/index.php\/en\/level-2-xing-shen-zuang-body-and-mind-condition\/\" \/>\n<meta property=\"og:site_name\" content=\"Zhineng Qigong\" \/>\n<meta property=\"article:modified_time\" content=\"2020-04-23T13:04:50+00:00\" \/>\n<meta property=\"og:image\" content=\"http:\/\/zhinengqigong.pl\/wp-content\/uploads\/2020\/03\/IMG_20180916_161321-768x1024.jpg\" \/>\n<meta name=\"twitter:card\" content=\"summary_large_image\" \/>\n<meta name=\"twitter:label1\" content=\"Szacowany czas czytania\" \/>\n\t<meta name=\"twitter:data1\" content=\"3 minuty\" \/>\n<script type=\"application\/ld+json\" class=\"yoast-schema-graph\">{\"@context\":\"https:\\\/\\\/schema.org\",\"@graph\":[{\"@type\":\"WebPage\",\"@id\":\"https:\\\/\\\/zhinengqigong.pl\\\/index.php\\\/en\\\/level-2-xing-shen-zuang-body-and-mind-condition\\\/\",\"url\":\"https:\\\/\\\/zhinengqigong.pl\\\/index.php\\\/en\\\/level-2-xing-shen-zuang-body-and-mind-condition\\\/\",\"name\":\"Level 2. Xing Shen Zuang - Body and mind condition - Zhineng Qigong\",\"isPartOf\":{\"@id\":\"https:\\\/\\\/zhinengqigong.pl\\\/#website\"},\"primaryImageOfPage\":{\"@id\":\"https:\\\/\\\/zhinengqigong.pl\\\/index.php\\\/en\\\/level-2-xing-shen-zuang-body-and-mind-condition\\\/#primaryimage\"},\"image\":{\"@id\":\"https:\\\/\\\/zhinengqigong.pl\\\/index.php\\\/en\\\/level-2-xing-shen-zuang-body-and-mind-condition\\\/#primaryimage\"},\"thumbnailUrl\":\"http:\\\/\\\/zhinengqigong.pl\\\/wp-content\\\/uploads\\\/2020\\\/03\\\/IMG_20180916_161321-768x1024.jpg\",\"datePublished\":\"2020-04-23T12:45:23+00:00\",\"dateModified\":\"2020-04-23T13:04:50+00:00\",\"breadcrumb\":{\"@id\":\"https:\\\/\\\/zhinengqigong.pl\\\/index.php\\\/en\\\/level-2-xing-shen-zuang-body-and-mind-condition\\\/#breadcrumb\"},\"inLanguage\":\"pl-PL\",\"potentialAction\":[{\"@type\":\"ReadAction\",\"target\":[\"https:\\\/\\\/zhinengqigong.pl\\\/index.php\\\/en\\\/level-2-xing-shen-zuang-body-and-mind-condition\\\/\"]}]},{\"@type\":\"ImageObject\",\"inLanguage\":\"pl-PL\",\"@id\":\"https:\\\/\\\/zhinengqigong.pl\\\/index.php\\\/en\\\/level-2-xing-shen-zuang-body-and-mind-condition\\\/#primaryimage\",\"url\":\"http:\\\/\\\/zhinengqigong.pl\\\/wp-content\\\/uploads\\\/2020\\\/03\\\/IMG_20180916_161321-768x1024.jpg\",\"contentUrl\":\"http:\\\/\\\/zhinengqigong.pl\\\/wp-content\\\/uploads\\\/2020\\\/03\\\/IMG_20180916_161321-768x1024.jpg\"},{\"@type\":\"BreadcrumbList\",\"@id\":\"https:\\\/\\\/zhinengqigong.pl\\\/index.php\\\/en\\\/level-2-xing-shen-zuang-body-and-mind-condition\\\/#breadcrumb\",\"itemListElement\":[{\"@type\":\"ListItem\",\"position\":1,\"name\":\"Strona g\u0142\u00f3wna\",\"item\":\"https:\\\/\\\/zhinengqigong.pl\\\/\"},{\"@type\":\"ListItem\",\"position\":2,\"name\":\"Level 2. Xing Shen Zuang &#8211; Body and mind condition\"}]},{\"@type\":\"WebSite\",\"@id\":\"https:\\\/\\\/zhinengqigong.pl\\\/#website\",\"url\":\"https:\\\/\\\/zhinengqigong.pl\\\/\",\"name\":\"Zhineng Qigong\",\"description\":\"Qigong - \u0107wiczenia chi\u0144skiej tradycyjnej medycyny\",\"publisher\":{\"@id\":\"https:\\\/\\\/zhinengqigong.pl\\\/#organization\"},\"potentialAction\":[{\"@type\":\"SearchAction\",\"target\":{\"@type\":\"EntryPoint\",\"urlTemplate\":\"https:\\\/\\\/zhinengqigong.pl\\\/?s={search_term_string}\"},\"query-input\":{\"@type\":\"PropertyValueSpecification\",\"valueRequired\":true,\"valueName\":\"search_term_string\"}}],\"inLanguage\":\"pl-PL\"},{\"@type\":\"Organization\",\"@id\":\"https:\\\/\\\/zhinengqigong.pl\\\/#organization\",\"name\":\"Zhineng Qigong\",\"url\":\"https:\\\/\\\/zhinengqigong.pl\\\/\",\"logo\":{\"@type\":\"ImageObject\",\"inLanguage\":\"pl-PL\",\"@id\":\"https:\\\/\\\/zhinengqigong.pl\\\/#\\\/schema\\\/logo\\\/image\\\/\",\"url\":\"https:\\\/\\\/zhinengqigong.pl\\\/wp-content\\\/uploads\\\/2020\\\/01\\\/cropped-Zhineng-Qigong-logo-systemu.png\",\"contentUrl\":\"https:\\\/\\\/zhinengqigong.pl\\\/wp-content\\\/uploads\\\/2020\\\/01\\\/cropped-Zhineng-Qigong-logo-systemu.png\",\"width\":341,\"height\":338,\"caption\":\"Zhineng Qigong\"},\"image\":{\"@id\":\"https:\\\/\\\/zhinengqigong.pl\\\/#\\\/schema\\\/logo\\\/image\\\/\"}}]}<\/script>\n<!-- \/ Yoast SEO plugin. -->","yoast_head_json":{"title":"Level 2. Xing Shen Zuang - Body and mind condition - Zhineng Qigong","robots":{"index":"index","follow":"follow","max-snippet":"max-snippet:-1","max-image-preview":"max-image-preview:large","max-video-preview":"max-video-preview:-1"},"canonical":"https:\/\/zhinengqigong.pl\/index.php\/en\/level-2-xing-shen-zuang-body-and-mind-condition\/","og_locale":"pl_PL","og_type":"article","og_title":"Level 2. Xing Shen Zuang - Body and mind condition - Zhineng Qigong","og_description":"Second Gong Zhineng Qigong &#8211; Body and Mind Method Definition Body and mind methods. The method of body and mind is the name of the second Gong Zhineng Qigong (X\u00edng Sh\u00e9n Zhu\u0101ng \u5f62 \u795e \u5e84). In Chinese spelling: Xing means &#8222;physical body&#8221;, Shen means &#8222;consciousness or mental activity&#8221;, and Zhuang [&hellip;]","og_url":"https:\/\/zhinengqigong.pl\/index.php\/en\/level-2-xing-shen-zuang-body-and-mind-condition\/","og_site_name":"Zhineng Qigong","article_modified_time":"2020-04-23T13:04:50+00:00","og_image":[{"url":"http:\/\/zhinengqigong.pl\/wp-content\/uploads\/2020\/03\/IMG_20180916_161321-768x1024.jpg","type":"","width":"","height":""}],"twitter_card":"summary_large_image","twitter_misc":{"Szacowany czas czytania":"3 minuty"},"schema":{"@context":"https:\/\/schema.org","@graph":[{"@type":"WebPage","@id":"https:\/\/zhinengqigong.pl\/index.php\/en\/level-2-xing-shen-zuang-body-and-mind-condition\/","url":"https:\/\/zhinengqigong.pl\/index.php\/en\/level-2-xing-shen-zuang-body-and-mind-condition\/","name":"Level 2. Xing Shen Zuang - Body and mind condition - Zhineng Qigong","isPartOf":{"@id":"https:\/\/zhinengqigong.pl\/#website"},"primaryImageOfPage":{"@id":"https:\/\/zhinengqigong.pl\/index.php\/en\/level-2-xing-shen-zuang-body-and-mind-condition\/#primaryimage"},"image":{"@id":"https:\/\/zhinengqigong.pl\/index.php\/en\/level-2-xing-shen-zuang-body-and-mind-condition\/#primaryimage"},"thumbnailUrl":"http:\/\/zhinengqigong.pl\/wp-content\/uploads\/2020\/03\/IMG_20180916_161321-768x1024.jpg","datePublished":"2020-04-23T12:45:23+00:00","dateModified":"2020-04-23T13:04:50+00:00","breadcrumb":{"@id":"https:\/\/zhinengqigong.pl\/index.php\/en\/level-2-xing-shen-zuang-body-and-mind-condition\/#breadcrumb"},"inLanguage":"pl-PL","potentialAction":[{"@type":"ReadAction","target":["https:\/\/zhinengqigong.pl\/index.php\/en\/level-2-xing-shen-zuang-body-and-mind-condition\/"]}]},{"@type":"ImageObject","inLanguage":"pl-PL","@id":"https:\/\/zhinengqigong.pl\/index.php\/en\/level-2-xing-shen-zuang-body-and-mind-condition\/#primaryimage","url":"http:\/\/zhinengqigong.pl\/wp-content\/uploads\/2020\/03\/IMG_20180916_161321-768x1024.jpg","contentUrl":"http:\/\/zhinengqigong.pl\/wp-content\/uploads\/2020\/03\/IMG_20180916_161321-768x1024.jpg"},{"@type":"BreadcrumbList","@id":"https:\/\/zhinengqigong.pl\/index.php\/en\/level-2-xing-shen-zuang-body-and-mind-condition\/#breadcrumb","itemListElement":[{"@type":"ListItem","position":1,"name":"Strona g\u0142\u00f3wna","item":"https:\/\/zhinengqigong.pl\/"},{"@type":"ListItem","position":2,"name":"Level 2. Xing Shen Zuang &#8211; Body and mind condition"}]},{"@type":"WebSite","@id":"https:\/\/zhinengqigong.pl\/#website","url":"https:\/\/zhinengqigong.pl\/","name":"Zhineng Qigong","description":"Qigong - \u0107wiczenia chi\u0144skiej tradycyjnej medycyny","publisher":{"@id":"https:\/\/zhinengqigong.pl\/#organization"},"potentialAction":[{"@type":"SearchAction","target":{"@type":"EntryPoint","urlTemplate":"https:\/\/zhinengqigong.pl\/?s={search_term_string}"},"query-input":{"@type":"PropertyValueSpecification","valueRequired":true,"valueName":"search_term_string"}}],"inLanguage":"pl-PL"},{"@type":"Organization","@id":"https:\/\/zhinengqigong.pl\/#organization","name":"Zhineng Qigong","url":"https:\/\/zhinengqigong.pl\/","logo":{"@type":"ImageObject","inLanguage":"pl-PL","@id":"https:\/\/zhinengqigong.pl\/#\/schema\/logo\/image\/","url":"https:\/\/zhinengqigong.pl\/wp-content\/uploads\/2020\/01\/cropped-Zhineng-Qigong-logo-systemu.png","contentUrl":"https:\/\/zhinengqigong.pl\/wp-content\/uploads\/2020\/01\/cropped-Zhineng-Qigong-logo-systemu.png","width":341,"height":338,"caption":"Zhineng Qigong"},"image":{"@id":"https:\/\/zhinengqigong.pl\/#\/schema\/logo\/image\/"}}]}},"jetpack_sharing_enabled":true,"_links":{"self":[{"href":"https:\/\/zhinengqigong.pl\/index.php\/wp-json\/wp\/v2\/pages\/1544","targetHints":{"allow":["GET"]}}],"collection":[{"href":"https:\/\/zhinengqigong.pl\/index.php\/wp-json\/wp\/v2\/pages"}],"about":[{"href":"https:\/\/zhinengqigong.pl\/index.php\/wp-json\/wp\/v2\/types\/page"}],"author":[{"embeddable":true,"href":"https:\/\/zhinengqigong.pl\/index.php\/wp-json\/wp\/v2\/users\/3"}],"replies":[{"embeddable":true,"href":"https:\/\/zhinengqigong.pl\/index.php\/wp-json\/wp\/v2\/comments?post=1544"}],"version-history":[{"count":6,"href":"https:\/\/zhinengqigong.pl\/index.php\/wp-json\/wp\/v2\/pages\/1544\/revisions"}],"predecessor-version":[{"id":1553,"href":"https:\/\/zhinengqigong.pl\/index.php\/wp-json\/wp\/v2\/pages\/1544\/revisions\/1553"}],"wp:attachment":[{"href":"https:\/\/zhinengqigong.pl\/index.php\/wp-json\/wp\/v2\/media?parent=1544"}],"curies":[{"name":"wp","href":"https:\/\/api.w.org\/{rel}","templated":true}]}}