{"id":1446,"date":"2020-04-14T14:40:49","date_gmt":"2020-04-14T14:40:49","guid":{"rendered":"http:\/\/zhinengqigong.pl\/?page_id=1446"},"modified":"2020-04-17T13:24:02","modified_gmt":"2020-04-17T13:24:02","slug":"tu-laoshi","status":"publish","type":"page","link":"https:\/\/zhinengqigong.pl\/index.php\/en\/tu-laoshi\/","title":{"rendered":"Tu Laoshi"},"content":{"rendered":"\t\t<div data-elementor-type=\"wp-page\" data-elementor-id=\"1446\" class=\"elementor elementor-1446\" data-elementor-post-type=\"page\">\n\t\t\t\t\t\t<section class=\"elementor-section elementor-top-section elementor-element elementor-element-0781273 elementor-section-stretched elementor-section-boxed elementor-section-height-default elementor-section-height-default\" data-id=\"0781273\" data-element_type=\"section\" data-settings=\"{&quot;stretch_section&quot;:&quot;section-stretched&quot;}\">\n\t\t\t\t\t\t<div class=\"elementor-container elementor-column-gap-default\">\n\t\t\t\t\t<div class=\"elementor-column elementor-col-66 elementor-top-column elementor-element elementor-element-7ede9f9\" data-id=\"7ede9f9\" data-element_type=\"column\">\n\t\t\t<div class=\"elementor-widget-wrap elementor-element-populated\">\n\t\t\t\t\t\t<div class=\"elementor-element elementor-element-9929d51 elementor-widget elementor-widget-text-editor\" data-id=\"9929d51\" data-element_type=\"widget\" data-widget_type=\"text-editor.default\">\n\t\t\t\t<div class=\"elementor-widget-container\">\n\t\t\t\t\t\t\t\t\t<p><span style=\"text-indent: 0.39cm; font-family: 'Open Sans'; font-size: 37px;\">Nauczyciel \u2013 Laoshi \u2013 Xiaoyong Tu,<\/span><\/p><p><span style=\"text-indent: 0.39cm;\">Xiaoyong Tu jest lekarzem internist\u0105 medycyny zachodniej oraz lekarzem medycyny chi\u0144skiej ze specjalizacj\u0105 w akupunkturze. W 1994 roku uko\u0144czy\u0142 nauk\u0119 w centrum Huaxia Zhineng Qigong z tytu\u0142em lekarza Qigongu. <\/span><span style=\"text-indent: 14.7402px;\">Centrum to skupia\u0142o si\u0119 na leczeniu chor\u00f3b za pomoc\u0105 Zhineng Qigong. O\u015brodek istnia\u0142 do roku 2001. \u0106wicz\u0105cy nazywani byli uczniami, nie pacjentami, poniewa\u017c post\u0119py w odzyskaniu zdrowia zale\u017cny by\u0142y od wysi\u0142ku w\u0142o\u017conego w \u0107wiczenia, jak r\u00f3wnie\u017c zrozumienia systemu. O\u015brodek zosta\u0142 zamkni\u0119ty ze wzgl\u0119d\u00f3w politycznych przez w\u0142adze centralne Chin.<\/span><\/p><p><span style=\"text-indent: 0.39cm;\">(Laoshi znaczy po chi\u0144sku nauczyciel.\u00a0 W kulturze chi\u0144skiej nauczyciel ma bardzo wysokie powa\u017canie i jest og\u00f3lnie szanowan\u0105 osob\u0105. Wymawia si\u0119 Laoszy).\u00a0<\/span><\/p>\t\t\t\t\t\t\t\t<\/div>\n\t\t\t\t<\/div>\n\t\t\t\t\t<\/div>\n\t\t<\/div>\n\t\t\t\t<div class=\"elementor-column elementor-col-33 elementor-top-column elementor-element elementor-element-6cc05e2\" data-id=\"6cc05e2\" data-element_type=\"column\">\n\t\t\t<div class=\"elementor-widget-wrap elementor-element-populated\">\n\t\t\t\t\t\t<div class=\"elementor-element elementor-element-6c8df73 elementor-widget elementor-widget-image\" data-id=\"6c8df73\" data-element_type=\"widget\" data-widget_type=\"image.default\">\n\t\t\t\t<div class=\"elementor-widget-container\">\n\t\t\t\t\t\t\t\t\t\t\t\t\t\t\t<img fetchpriority=\"high\" decoding=\"async\" width=\"750\" height=\"1000\" src=\"https:\/\/zhinengqigong.pl\/wp-content\/uploads\/2020\/01\/IMG_20170414_165418-768x1024.jpg\" class=\"attachment-large size-large wp-image-75\" alt=\"Tu Laoshy Zhineng Qigong\" srcset=\"https:\/\/zhinengqigong.pl\/wp-content\/uploads\/2020\/01\/IMG_20170414_165418-768x1024.jpg 768w, https:\/\/zhinengqigong.pl\/wp-content\/uploads\/2020\/01\/IMG_20170414_165418-225x300.jpg 225w, https:\/\/zhinengqigong.pl\/wp-content\/uploads\/2020\/01\/IMG_20170414_165418-1152x1536.jpg 1152w, https:\/\/zhinengqigong.pl\/wp-content\/uploads\/2020\/01\/IMG_20170414_165418-1536x2048.jpg 1536w, https:\/\/zhinengqigong.pl\/wp-content\/uploads\/2020\/01\/IMG_20170414_165418-scaled.jpg 1920w\" sizes=\"(max-width: 750px) 100vw, 750px\" \/>\t\t\t\t\t\t\t\t\t\t\t\t\t\t\t<\/div>\n\t\t\t\t<\/div>\n\t\t\t\t\t<\/div>\n\t\t<\/div>\n\t\t\t\t\t<\/div>\n\t\t<\/section>\n\t\t\t\t<section class=\"elementor-section elementor-top-section elementor-element elementor-element-2099133 elementor-section-stretched elementor-section-boxed elementor-section-height-default elementor-section-height-default\" data-id=\"2099133\" data-element_type=\"section\" data-settings=\"{&quot;stretch_section&quot;:&quot;section-stretched&quot;}\">\n\t\t\t\t\t\t<div class=\"elementor-container elementor-column-gap-default\">\n\t\t\t\t\t<div class=\"elementor-column elementor-col-33 elementor-top-column elementor-element elementor-element-8a41a33\" data-id=\"8a41a33\" data-element_type=\"column\">\n\t\t\t<div class=\"elementor-widget-wrap elementor-element-populated\">\n\t\t\t\t\t\t<div class=\"elementor-element elementor-element-955acc3 elementor-widget elementor-widget-image\" data-id=\"955acc3\" data-element_type=\"widget\" data-widget_type=\"image.default\">\n\t\t\t\t<div class=\"elementor-widget-container\">\n\t\t\t\t\t\t\t\t\t\t\t\t\t\t\t<img decoding=\"async\" width=\"750\" height=\"677\" src=\"https:\/\/zhinengqigong.pl\/wp-content\/uploads\/2020\/02\/Tu-Laoshy-zhieneng-qigong-1024x924.jpg\" class=\"attachment-large size-large wp-image-497\" alt=\"Tu Laoshy lekarz medycyny chi\u0144skiej\" srcset=\"https:\/\/zhinengqigong.pl\/wp-content\/uploads\/2020\/02\/Tu-Laoshy-zhieneng-qigong-1024x924.jpg 1024w, https:\/\/zhinengqigong.pl\/wp-content\/uploads\/2020\/02\/Tu-Laoshy-zhieneng-qigong-300x271.jpg 300w, https:\/\/zhinengqigong.pl\/wp-content\/uploads\/2020\/02\/Tu-Laoshy-zhieneng-qigong-768x693.jpg 768w, https:\/\/zhinengqigong.pl\/wp-content\/uploads\/2020\/02\/Tu-Laoshy-zhieneng-qigong.jpg 1085w\" sizes=\"(max-width: 750px) 100vw, 750px\" \/>\t\t\t\t\t\t\t\t\t\t\t\t\t\t\t<\/div>\n\t\t\t\t<\/div>\n\t\t\t\t\t<\/div>\n\t\t<\/div>\n\t\t\t\t<div class=\"elementor-column elementor-col-66 elementor-top-column elementor-element elementor-element-0604c15\" data-id=\"0604c15\" data-element_type=\"column\">\n\t\t\t<div class=\"elementor-widget-wrap elementor-element-populated\">\n\t\t\t\t\t\t<div class=\"elementor-element elementor-element-6cb4248 elementor-widget elementor-widget-text-editor\" data-id=\"6cb4248\" data-element_type=\"widget\" data-widget_type=\"text-editor.default\">\n\t\t\t\t<div class=\"elementor-widget-container\">\n\t\t\t\t\t\t\t\t\t<p><span style=\"text-indent: 14.7402px;\">W 1996 roku powr\u00f3ci\u0142 do centrum Huaxia Zhineng Qigong i podj\u0105\u0142 prac\u0119 na oddziale rehabilitacji za pomoc\u0105 Qigongu. Pe\u0142ni\u0142 w nim funkcj\u0119 kierownika klasy rehabilitacyjnej oraz lidera zespo\u0142u rehabilitacyjnego, a nast\u0119pnie zosta\u0142 asystentem dziekana wydzia\u0142u zdrowia (poprzednio rehabilitacyjnego). Zdoby\u0142 cenne do\u015bwiadczenie kliniczne w rehabilitacji Qigongiem i praktyczne umiej\u0119tno\u015bci w zarz\u0105dzaniu.<\/span><\/p>\t\t\t\t\t\t\t\t<\/div>\n\t\t\t\t<\/div>\n\t\t\t\t\t<\/div>\n\t\t<\/div>\n\t\t\t\t\t<\/div>\n\t\t<\/section>\n\t\t\t\t<section class=\"elementor-section elementor-top-section elementor-element elementor-element-cc0191e elementor-section-stretched elementor-section-boxed elementor-section-height-default elementor-section-height-default\" data-id=\"cc0191e\" data-element_type=\"section\" data-settings=\"{&quot;stretch_section&quot;:&quot;section-stretched&quot;}\">\n\t\t\t\t\t\t<div class=\"elementor-container elementor-column-gap-default\">\n\t\t\t\t\t<div class=\"elementor-column elementor-col-100 elementor-top-column elementor-element elementor-element-f8839eb\" data-id=\"f8839eb\" data-element_type=\"column\">\n\t\t\t<div class=\"elementor-widget-wrap elementor-element-populated\">\n\t\t\t\t\t\t<div class=\"elementor-element elementor-element-f5d5b7f elementor-widget elementor-widget-text-editor\" data-id=\"f5d5b7f\" data-element_type=\"widget\" data-widget_type=\"text-editor.default\">\n\t\t\t\t<div class=\"elementor-widget-container\">\n\t\t\t\t\t\t\t\t\t<p style=\"margin-bottom: 0cm; text-indent: 0.39cm; text-align: left;\"><span lang=\"pl-PL\">W 2005 roku rozpocz\u0105\u0142 nauk\u0119 medycyny chi\u0144skiej,\u00a0<\/span><span style=\"font-family: 'Lucida Sans Unicode';\">\u64c5\u957f\u8109\u8c61<\/span>i\u00a0<span lang=\"pl-PL\">akupunktury (w tym specjalistyczne masa\u017ce i chi\u0144skie ba\u0144ki szklane na ogie\u0144) a od 2014 odpowiedzialny jest za rehabilitacj\u0119 poprzez nauczanie Qigongu i prac\u0119 eksperymentaln\u0105 w centrum zdrowia i kultury w Shouguangu, w prowincji Shandong.<\/span><\/p><p lang=\"pl-PL\" style=\"margin-bottom: 0cm; text-indent: 0.39cm;\">Od 1987 roku praktykuje i \u0142\u0105czy ze sob\u0105 \u0107wiczenia Qigongu, z wieloletni\u0105 praktyk\u0105 klinicznej medycyny zachodniej oraz tradycyjnej medycyny chi\u0144skiej, bada i weryfikuje teori\u0119 materii trzech stopni (tr\u00f3jwarstwowej teorii materialnej) stworzon\u0105 przed profesora Panga, kt\u00f3rej esencj\u0105 jest Qi.<\/p><p lang=\"pl-PL\" style=\"margin-bottom: 0cm; text-indent: 0.39cm;\">W teorii materii trzech stopni przyjmuje si\u0119 zasad\u0119 o ca\u0142o\u015bciowym podej\u015bciu informacyjnym w strukturze czasowej i przestrzennej, wykorzystuje si\u0119 tworzenie pola energetycznego jako podstaw\u0119, poprzez medycyn\u0119 chi\u0144sk\u0105 \u2013 Qigong, akupunktur\u0119, zabiegi z moks\u0105 i inne wzmacnia si\u0119 wewn\u0119trzne Qi (qi w nerkach, dongqi i zhongqi) aby wzmocni\u0107 organizm i wspom\u00f3c powr\u00f3t do zdrowia.<\/p><p lang=\"pl-PL\" style=\"margin-bottom: 0cm; text-indent: 0.39cm;\"><a style=\"transition-property: all;\"><\/a><\/p><p lang=\"pl-PL\" style=\"margin-bottom: 0cm; text-indent: 0.39cm;\">Ka\u017cdy przypadek doktor Tu rozpatruje w\u0142a\u015bnie pod k\u0105tem Qigongu, medycyny zachodniej i chi\u0144skiej i dostosowuje sposoby leczenia lub \u0142\u0105czy tak, aby by\u0142y w zgodzie z etyk\u0105 i natur\u0105, a jednocze\u015bnie przynosi\u0142y znacz\u0105ce i widoczne efekty.<\/p>\t\t\t\t\t\t\t\t<\/div>\n\t\t\t\t<\/div>\n\t\t\t\t\t<\/div>\n\t\t<\/div>\n\t\t\t\t\t<\/div>\n\t\t<\/section>\n\t\t\t\t<\/div>\n\t\t","protected":false},"excerpt":{"rendered":"<p>Nauczyciel \u2013 Laoshi \u2013 Xiaoyong Tu, Xiaoyong Tu jest lekarzem internist\u0105 medycyny zachodniej oraz lekarzem medycyny chi\u0144skiej ze specjalizacj\u0105 w akupunkturze. W 1994 roku uko\u0144czy\u0142 nauk\u0119 w centrum Huaxia Zhineng Qigong z tytu\u0142em lekarza Qigongu. Centrum to skupia\u0142o si\u0119 na leczeniu chor\u00f3b za pomoc\u0105 Zhineng Qigong. O\u015brodek istnia\u0142 do roku [&hellip;]<\/p>\n","protected":false},"author":3,"featured_media":0,"parent":0,"menu_order":0,"comment_status":"closed","ping_status":"closed","template":"page-templates\/template-pagebuilder-full-width.php","meta":{"footnotes":""},"class_list":["post-1446","page","type-page","status-publish","hentry"],"yoast_head":"<!-- This site is optimized with the Yoast SEO plugin v26.6 - https:\/\/yoast.com\/wordpress\/plugins\/seo\/ -->\n<title>Tu Laoshi - Zhineng Qigong<\/title>\n<meta name=\"robots\" content=\"index, follow, max-snippet:-1, max-image-preview:large, max-video-preview:-1\" \/>\n<link rel=\"canonical\" href=\"https:\/\/zhinengqigong.pl\/index.php\/en\/tu-laoshi\/\" \/>\n<meta property=\"og:locale\" content=\"pl_PL\" \/>\n<meta property=\"og:type\" content=\"article\" \/>\n<meta property=\"og:title\" content=\"Tu Laoshi - Zhineng Qigong\" \/>\n<meta property=\"og:description\" content=\"Nauczyciel \u2013 Laoshi \u2013 Xiaoyong Tu, Xiaoyong Tu jest lekarzem internist\u0105 medycyny zachodniej oraz lekarzem medycyny chi\u0144skiej ze specjalizacj\u0105 w akupunkturze. W 1994 roku uko\u0144czy\u0142 nauk\u0119 w centrum Huaxia Zhineng Qigong z tytu\u0142em lekarza Qigongu. Centrum to skupia\u0142o si\u0119 na leczeniu chor\u00f3b za pomoc\u0105 Zhineng Qigong. O\u015brodek istnia\u0142 do roku [&hellip;]\" \/>\n<meta property=\"og:url\" content=\"https:\/\/zhinengqigong.pl\/index.php\/en\/tu-laoshi\/\" \/>\n<meta property=\"og:site_name\" content=\"Zhineng Qigong\" \/>\n<meta property=\"article:modified_time\" content=\"2020-04-17T13:24:02+00:00\" \/>\n<meta property=\"og:image\" content=\"http:\/\/zhinengqigong.pl\/wp-content\/uploads\/2020\/01\/IMG_20170414_165418-768x1024.jpg\" \/>\n<meta name=\"twitter:card\" content=\"summary_large_image\" \/>\n<meta name=\"twitter:label1\" content=\"Szacowany czas czytania\" \/>\n\t<meta name=\"twitter:data1\" content=\"2 minuty\" \/>\n<script type=\"application\/ld+json\" class=\"yoast-schema-graph\">{\"@context\":\"https:\/\/schema.org\",\"@graph\":[{\"@type\":\"WebPage\",\"@id\":\"https:\/\/zhinengqigong.pl\/index.php\/en\/tu-laoshi\/\",\"url\":\"https:\/\/zhinengqigong.pl\/index.php\/en\/tu-laoshi\/\",\"name\":\"Tu Laoshi - Zhineng Qigong\",\"isPartOf\":{\"@id\":\"https:\/\/zhinengqigong.pl\/#website\"},\"primaryImageOfPage\":{\"@id\":\"https:\/\/zhinengqigong.pl\/index.php\/en\/tu-laoshi\/#primaryimage\"},\"image\":{\"@id\":\"https:\/\/zhinengqigong.pl\/index.php\/en\/tu-laoshi\/#primaryimage\"},\"thumbnailUrl\":\"http:\/\/zhinengqigong.pl\/wp-content\/uploads\/2020\/01\/IMG_20170414_165418-768x1024.jpg\",\"datePublished\":\"2020-04-14T14:40:49+00:00\",\"dateModified\":\"2020-04-17T13:24:02+00:00\",\"breadcrumb\":{\"@id\":\"https:\/\/zhinengqigong.pl\/index.php\/en\/tu-laoshi\/#breadcrumb\"},\"inLanguage\":\"pl-PL\",\"potentialAction\":[{\"@type\":\"ReadAction\",\"target\":[\"https:\/\/zhinengqigong.pl\/index.php\/en\/tu-laoshi\/\"]}]},{\"@type\":\"ImageObject\",\"inLanguage\":\"pl-PL\",\"@id\":\"https:\/\/zhinengqigong.pl\/index.php\/en\/tu-laoshi\/#primaryimage\",\"url\":\"http:\/\/zhinengqigong.pl\/wp-content\/uploads\/2020\/01\/IMG_20170414_165418-768x1024.jpg\",\"contentUrl\":\"http:\/\/zhinengqigong.pl\/wp-content\/uploads\/2020\/01\/IMG_20170414_165418-768x1024.jpg\"},{\"@type\":\"BreadcrumbList\",\"@id\":\"https:\/\/zhinengqigong.pl\/index.php\/en\/tu-laoshi\/#breadcrumb\",\"itemListElement\":[{\"@type\":\"ListItem\",\"position\":1,\"name\":\"Strona g\u0142\u00f3wna\",\"item\":\"https:\/\/zhinengqigong.pl\/\"},{\"@type\":\"ListItem\",\"position\":2,\"name\":\"Tu Laoshi\"}]},{\"@type\":\"WebSite\",\"@id\":\"https:\/\/zhinengqigong.pl\/#website\",\"url\":\"https:\/\/zhinengqigong.pl\/\",\"name\":\"Zhineng Qigong\",\"description\":\"Qigong - \u0107wiczenia chi\u0144skiej tradycyjnej medycyny\",\"publisher\":{\"@id\":\"https:\/\/zhinengqigong.pl\/#organization\"},\"potentialAction\":[{\"@type\":\"SearchAction\",\"target\":{\"@type\":\"EntryPoint\",\"urlTemplate\":\"https:\/\/zhinengqigong.pl\/?s={search_term_string}\"},\"query-input\":{\"@type\":\"PropertyValueSpecification\",\"valueRequired\":true,\"valueName\":\"search_term_string\"}}],\"inLanguage\":\"pl-PL\"},{\"@type\":\"Organization\",\"@id\":\"https:\/\/zhinengqigong.pl\/#organization\",\"name\":\"Zhineng Qigong\",\"url\":\"https:\/\/zhinengqigong.pl\/\",\"logo\":{\"@type\":\"ImageObject\",\"inLanguage\":\"pl-PL\",\"@id\":\"https:\/\/zhinengqigong.pl\/#\/schema\/logo\/image\/\",\"url\":\"https:\/\/zhinengqigong.pl\/wp-content\/uploads\/2020\/01\/cropped-Zhineng-Qigong-logo-systemu.png\",\"contentUrl\":\"https:\/\/zhinengqigong.pl\/wp-content\/uploads\/2020\/01\/cropped-Zhineng-Qigong-logo-systemu.png\",\"width\":341,\"height\":338,\"caption\":\"Zhineng Qigong\"},\"image\":{\"@id\":\"https:\/\/zhinengqigong.pl\/#\/schema\/logo\/image\/\"}}]}<\/script>\n<!-- \/ Yoast SEO plugin. -->","yoast_head_json":{"title":"Tu Laoshi - Zhineng Qigong","robots":{"index":"index","follow":"follow","max-snippet":"max-snippet:-1","max-image-preview":"max-image-preview:large","max-video-preview":"max-video-preview:-1"},"canonical":"https:\/\/zhinengqigong.pl\/index.php\/en\/tu-laoshi\/","og_locale":"pl_PL","og_type":"article","og_title":"Tu Laoshi - Zhineng Qigong","og_description":"Nauczyciel \u2013 Laoshi \u2013 Xiaoyong Tu, Xiaoyong Tu jest lekarzem internist\u0105 medycyny zachodniej oraz lekarzem medycyny chi\u0144skiej ze specjalizacj\u0105 w akupunkturze. W 1994 roku uko\u0144czy\u0142 nauk\u0119 w centrum Huaxia Zhineng Qigong z tytu\u0142em lekarza Qigongu. Centrum to skupia\u0142o si\u0119 na leczeniu chor\u00f3b za pomoc\u0105 Zhineng Qigong. O\u015brodek istnia\u0142 do roku [&hellip;]","og_url":"https:\/\/zhinengqigong.pl\/index.php\/en\/tu-laoshi\/","og_site_name":"Zhineng Qigong","article_modified_time":"2020-04-17T13:24:02+00:00","og_image":[{"url":"http:\/\/zhinengqigong.pl\/wp-content\/uploads\/2020\/01\/IMG_20170414_165418-768x1024.jpg","type":"","width":"","height":""}],"twitter_card":"summary_large_image","twitter_misc":{"Szacowany czas czytania":"2 minuty"},"schema":{"@context":"https:\/\/schema.org","@graph":[{"@type":"WebPage","@id":"https:\/\/zhinengqigong.pl\/index.php\/en\/tu-laoshi\/","url":"https:\/\/zhinengqigong.pl\/index.php\/en\/tu-laoshi\/","name":"Tu Laoshi - Zhineng Qigong","isPartOf":{"@id":"https:\/\/zhinengqigong.pl\/#website"},"primaryImageOfPage":{"@id":"https:\/\/zhinengqigong.pl\/index.php\/en\/tu-laoshi\/#primaryimage"},"image":{"@id":"https:\/\/zhinengqigong.pl\/index.php\/en\/tu-laoshi\/#primaryimage"},"thumbnailUrl":"http:\/\/zhinengqigong.pl\/wp-content\/uploads\/2020\/01\/IMG_20170414_165418-768x1024.jpg","datePublished":"2020-04-14T14:40:49+00:00","dateModified":"2020-04-17T13:24:02+00:00","breadcrumb":{"@id":"https:\/\/zhinengqigong.pl\/index.php\/en\/tu-laoshi\/#breadcrumb"},"inLanguage":"pl-PL","potentialAction":[{"@type":"ReadAction","target":["https:\/\/zhinengqigong.pl\/index.php\/en\/tu-laoshi\/"]}]},{"@type":"ImageObject","inLanguage":"pl-PL","@id":"https:\/\/zhinengqigong.pl\/index.php\/en\/tu-laoshi\/#primaryimage","url":"http:\/\/zhinengqigong.pl\/wp-content\/uploads\/2020\/01\/IMG_20170414_165418-768x1024.jpg","contentUrl":"http:\/\/zhinengqigong.pl\/wp-content\/uploads\/2020\/01\/IMG_20170414_165418-768x1024.jpg"},{"@type":"BreadcrumbList","@id":"https:\/\/zhinengqigong.pl\/index.php\/en\/tu-laoshi\/#breadcrumb","itemListElement":[{"@type":"ListItem","position":1,"name":"Strona g\u0142\u00f3wna","item":"https:\/\/zhinengqigong.pl\/"},{"@type":"ListItem","position":2,"name":"Tu Laoshi"}]},{"@type":"WebSite","@id":"https:\/\/zhinengqigong.pl\/#website","url":"https:\/\/zhinengqigong.pl\/","name":"Zhineng Qigong","description":"Qigong - \u0107wiczenia chi\u0144skiej tradycyjnej medycyny","publisher":{"@id":"https:\/\/zhinengqigong.pl\/#organization"},"potentialAction":[{"@type":"SearchAction","target":{"@type":"EntryPoint","urlTemplate":"https:\/\/zhinengqigong.pl\/?s={search_term_string}"},"query-input":{"@type":"PropertyValueSpecification","valueRequired":true,"valueName":"search_term_string"}}],"inLanguage":"pl-PL"},{"@type":"Organization","@id":"https:\/\/zhinengqigong.pl\/#organization","name":"Zhineng Qigong","url":"https:\/\/zhinengqigong.pl\/","logo":{"@type":"ImageObject","inLanguage":"pl-PL","@id":"https:\/\/zhinengqigong.pl\/#\/schema\/logo\/image\/","url":"https:\/\/zhinengqigong.pl\/wp-content\/uploads\/2020\/01\/cropped-Zhineng-Qigong-logo-systemu.png","contentUrl":"https:\/\/zhinengqigong.pl\/wp-content\/uploads\/2020\/01\/cropped-Zhineng-Qigong-logo-systemu.png","width":341,"height":338,"caption":"Zhineng Qigong"},"image":{"@id":"https:\/\/zhinengqigong.pl\/#\/schema\/logo\/image\/"}}]}},"jetpack_sharing_enabled":true,"_links":{"self":[{"href":"https:\/\/zhinengqigong.pl\/index.php\/wp-json\/wp\/v2\/pages\/1446","targetHints":{"allow":["GET"]}}],"collection":[{"href":"https:\/\/zhinengqigong.pl\/index.php\/wp-json\/wp\/v2\/pages"}],"about":[{"href":"https:\/\/zhinengqigong.pl\/index.php\/wp-json\/wp\/v2\/types\/page"}],"author":[{"embeddable":true,"href":"https:\/\/zhinengqigong.pl\/index.php\/wp-json\/wp\/v2\/users\/3"}],"replies":[{"embeddable":true,"href":"https:\/\/zhinengqigong.pl\/index.php\/wp-json\/wp\/v2\/comments?post=1446"}],"version-history":[{"count":2,"href":"https:\/\/zhinengqigong.pl\/index.php\/wp-json\/wp\/v2\/pages\/1446\/revisions"}],"predecessor-version":[{"id":1465,"href":"https:\/\/zhinengqigong.pl\/index.php\/wp-json\/wp\/v2\/pages\/1446\/revisions\/1465"}],"wp:attachment":[{"href":"https:\/\/zhinengqigong.pl\/index.php\/wp-json\/wp\/v2\/media?parent=1446"}],"curies":[{"name":"wp","href":"https:\/\/api.w.org\/{rel}","templated":true}]}}